{"id":716,"date":"2024-04-25T13:09:38","date_gmt":"2024-04-25T11:09:38","guid":{"rendered":"https:\/\/remistaniek.com\/cart\/"},"modified":"2024-05-16T16:17:39","modified_gmt":"2024-05-16T14:17:39","slug":"cart","status":"publish","type":"page","link":"https:\/\/remistaniek.com\/cs\/cart\/","title":{"rendered":"Ko\u0161\u00edk"},"content":{"rendered":"\n<div data-block-name=\"woocommerce\/cart\" class=\"wp-block-woocommerce-cart alignwide is-loading\">\n<div data-block-name=\"woocommerce\/filled-cart-block\" class=\"wp-block-woocommerce-filled-cart-block\">\n<div data-block-name=\"woocommerce\/cart-items-block\" class=\"wp-block-woocommerce-cart-items-block\">\n<div data-block-name=\"woocommerce\/cart-line-items-block\" class=\"wp-block-woocommerce-cart-line-items-block\"><\/div>\n\n\n\n<div data-block-name=\"woocommerce\/cart-cross-sells-block\" class=\"wp-block-woocommerce-cart-cross-sells-block\">\n<h2 class=\"wp-block-heading has-large-font-size\">Pod\u00edvejte se na dal\u0161\u00ed stejn\u011b zaj\u00edmav\u00e9\u2026<\/h2>\n\n\n\n<div data-block-name=\"woocommerce\/cart-cross-sells-products-block\" class=\"wp-block-woocommerce-cart-cross-sells-products-block\"><\/div>\n<\/div>\n<\/div>\n\n\n\n<div data-block-name=\"woocommerce\/cart-totals-block\" class=\"wp-block-woocommerce-cart-totals-block\">\n<div data-block-name=\"woocommerce\/cart-order-summary-block\" class=\"wp-block-woocommerce-cart-order-summary-block\">\n<div data-block-name=\"woocommerce\/cart-order-summary-heading-block\" class=\"wp-block-woocommerce-cart-order-summary-heading-block\"><\/div><div data-block-name=\"woocommerce\/cart-order-summary-coupon-form-block\" class=\"wp-block-woocommerce-cart-order-summary-coupon-form-block\"><\/div><div data-block-name=\"woocommerce\/cart-order-summary-totals-block\" class=\"wp-block-woocommerce-cart-order-summary-totals-block\">\n<div data-block-name=\"woocommerce\/cart-order-summary-subtotal-block\" class=\"wp-block-woocommerce-cart-order-summary-subtotal-block\"><\/div>\n<div data-block-name=\"woocommerce\/cart-order-summary-discount-block\" class=\"wp-block-woocommerce-cart-order-summary-discount-block\"><\/div>\n<div data-block-name=\"woocommerce\/cart-order-summary-fee-block\" class=\"wp-block-woocommerce-cart-order-summary-fee-block\"><\/div>\n<div data-block-name=\"woocommerce\/cart-order-summary-shipping-block\" class=\"wp-block-woocommerce-cart-order-summary-shipping-block\"><\/div>\n<div data-block-name=\"woocommerce\/cart-order-summary-taxes-block\" class=\"wp-block-woocommerce-cart-order-summary-taxes-block\"><\/div><\/div>\n<\/div>\n\n\n\n<div data-block-name=\"woocommerce\/cart-express-payment-block\" class=\"wp-block-woocommerce-cart-express-payment-block\"><\/div>\n\n\n\n<div data-block-name=\"woocommerce\/proceed-to-checkout-block\" class=\"wp-block-woocommerce-proceed-to-checkout-block\"><\/div>\n\n\n\n<div data-block-name=\"woocommerce\/cart-accepted-payment-methods-block\" class=\"wp-block-woocommerce-cart-accepted-payment-methods-block\"><\/div>\n<\/div>\n<\/div>\n\n\n\n<div data-block-name=\"woocommerce\/empty-cart-block\" class=\"wp-block-woocommerce-empty-cart-block\">\n<h2 class=\"wp-block-heading has-text-align-center with-empty-cart-icon wc-block-cart__empty-cart__title\">V\u00e1\u0161 n\u00e1kupn\u00ed ko\u0161\u00edk je moment\u00e1ln\u011b pr\u00e1zdn\u00fd!<\/h2>\n\n\n\n<hr class=\"wp-block-separator has-alpha-channel-opacity is-style-dots\"\/>\n\n\n\n<h2 class=\"wp-block-heading has-text-align-center\">Novinka na prodejn\u011b<\/h2>\n\n\n<div data-block-name=\"woocommerce\/product-new\" data-columns=\"4\" data-rows=\"1\" class=\"wc-block-grid wp-block-product-new wp-block-woocommerce-product-new wc-block-product-new has-4-columns\"><ul class=\"wc-block-grid__products\"><li class=\"wc-block-grid__product\">\n\t\t\t\t<a href=\"https:\/\/remistaniek.com\/cs\/produkt\/music-video-future-style\/\" class=\"wc-block-grid__product-link\">\n\t\t\t\t\t\n\t\t\t\t\t<div class=\"wc-block-grid__product-image\"><img loading=\"lazy\" decoding=\"async\" width=\"300\" height=\"168\" src=\"https:\/\/remistaniek.com\/wp-content\/uploads\/2024\/12\/3d-rendered-photo-beautiful-street-art-design-300x168.jpg\" class=\"attachment-woocommerce_thumbnail size-woocommerce_thumbnail\" alt=\"&quot;Nowoczesna produkcja wideo z dynamiczn\u0105 kompozycj\u0105 wizualn\u0105, eleganckimi efektami i estetycznym wyko\u0144czeniem, idealna do profesjonalnych projekt\u00f3w multimedialnych.\" srcset=\"https:\/\/remistaniek.com\/wp-content\/uploads\/2024\/12\/3d-rendered-photo-beautiful-street-art-design-300x168.jpg 300w, https:\/\/remistaniek.com\/wp-content\/uploads\/2024\/12\/3d-rendered-photo-beautiful-street-art-design-500x280.jpg 500w, https:\/\/remistaniek.com\/wp-content\/uploads\/2024\/12\/3d-rendered-photo-beautiful-street-art-design-1784x1000.jpg 1784w, https:\/\/remistaniek.com\/wp-content\/uploads\/2024\/12\/3d-rendered-photo-beautiful-street-art-design-768x430.jpg 768w, https:\/\/remistaniek.com\/wp-content\/uploads\/2024\/12\/3d-rendered-photo-beautiful-street-art-design-1536x861.jpg 1536w, https:\/\/remistaniek.com\/wp-content\/uploads\/2024\/12\/3d-rendered-photo-beautiful-street-art-design-134x75.jpg 134w, https:\/\/remistaniek.com\/wp-content\/uploads\/2024\/12\/3d-rendered-photo-beautiful-street-art-design-480x269.jpg 480w, https:\/\/remistaniek.com\/wp-content\/uploads\/2024\/12\/3d-rendered-photo-beautiful-street-art-design-600x336.jpg 600w, https:\/\/remistaniek.com\/wp-content\/uploads\/2024\/12\/3d-rendered-photo-beautiful-street-art-design.jpg 2000w\" sizes=\"auto, (max-width:767px) 300px, 300px\" \/><\/div>\n\t\t\t\t\t<div class=\"wc-block-grid__product-title\">MUSIC VIDEO &#8211; FUTURE STYLE<\/div>\n\t\t\t\t<\/a>\n\t\t\t\t<div class=\"wc-block-grid__product-price price\"><span class=\"woocommerce-Price-amount amount\" aria-hidden=\"true\">2 200,20&nbsp;<span class=\"woocommerce-Price-currencySymbol\">&#075;&#269;<\/span><\/span> <span aria-hidden=\"true\">&ndash;<\/span> <span class=\"woocommerce-Price-amount amount\" aria-hidden=\"true\">4 574,10&nbsp;<span class=\"woocommerce-Price-currencySymbol\">&#075;&#269;<\/span><\/span><span class=\"screen-reader-text\">Rozp\u011bt\u00ed cen: 2 200,20&nbsp;&#075;&#269; a\u017e 4 574,10&nbsp;&#075;&#269;<\/span><\/div>\n\t\t\t\t\n\t\t\t\t<div class=\"wp-block-button wc-block-grid__product-add-to-cart\"><a href=\"https:\/\/remistaniek.com\/cs\/produkt\/music-video-future-style\/\" aria-label=\"Vyberte nastaven\u00ed pro &bdquo;MUSIC VIDEO - FUTURE STYLE&ldquo;\" data-quantity=\"1\" data-product_id=\"1499\" data-product_sku=\"\" data-price=\"2200.2\" rel=\"nofollow\" class=\"wp-block-button__link  add_to_cart_button\">V\u00fdb\u011br mo\u017enost\u00ed<\/a><\/div>\n\t\t\t<\/li><li class=\"wc-block-grid__product\">\n\t\t\t\t<a href=\"https:\/\/remistaniek.com\/cs\/produkt\/mastering\/\" class=\"wc-block-grid__product-link\">\n\t\t\t\t\t\n\t\t\t\t\t<div class=\"wc-block-grid__product-image\"><img loading=\"lazy\" decoding=\"async\" width=\"300\" height=\"300\" src=\"https:\/\/remistaniek.com\/wp-content\/uploads\/2024\/11\/MASTERING-300x300.jpg\" class=\"attachment-woocommerce_thumbnail size-woocommerce_thumbnail\" alt=\"MASTERING\" srcset=\"https:\/\/remistaniek.com\/wp-content\/uploads\/2024\/11\/MASTERING-300x300.jpg 300w, https:\/\/remistaniek.com\/wp-content\/uploads\/2024\/11\/MASTERING-500x500.jpg 500w, https:\/\/remistaniek.com\/wp-content\/uploads\/2024\/11\/MASTERING-150x150.jpg 150w, https:\/\/remistaniek.com\/wp-content\/uploads\/2024\/11\/MASTERING-75x75.jpg 75w, https:\/\/remistaniek.com\/wp-content\/uploads\/2024\/11\/MASTERING-480x480.jpg 480w, https:\/\/remistaniek.com\/wp-content\/uploads\/2024\/11\/MASTERING.jpg 504w\" sizes=\"auto, (max-width:767px) 300px, 300px\" \/><\/div>\n\t\t\t\t\t<div class=\"wc-block-grid__product-title\">MASTERING<\/div>\n\t\t\t\t<\/a>\n\t\t\t\t<div class=\"wc-block-grid__product-price price\"><span class=\"woocommerce-Price-amount amount\">1 042,20&nbsp;<span class=\"woocommerce-Price-currencySymbol\">&#075;&#269;<\/span><\/span><\/div>\n\t\t\t\t\n\t\t\t\t<div class=\"wp-block-button wc-block-grid__product-add-to-cart\"><a href=\"\/cs\/wp-json\/wp\/v2\/pages\/716?add-to-cart=1369\" aria-label=\"P\u0159idat do ko\u0161\u00edku: &ldquo;MASTERING&rdquo;\" data-quantity=\"1\" data-product_id=\"1369\" data-product_sku=\"\" data-price=\"1042.2\" rel=\"nofollow\" class=\"wp-block-button__link  add_to_cart_button ajax_add_to_cart\">P\u0159idat do ko\u0161\u00edku<\/a><\/div>\n\t\t\t<\/li><li class=\"wc-block-grid__product\">\n\t\t\t\t<a href=\"https:\/\/remistaniek.com\/cs\/produkt\/skladba-mix-a-mastering-2-skladby-kopia-kopia-kopia\/\" class=\"wc-block-grid__product-link\">\n\t\t\t\t\t\n\t\t\t\t\t<div class=\"wc-block-grid__product-image\"><img loading=\"lazy\" decoding=\"async\" width=\"300\" height=\"300\" src=\"https:\/\/remistaniek.com\/wp-content\/uploads\/2024\/11\/MIKS-MASTERING-more-300x300.jpg\" class=\"attachment-woocommerce_thumbnail size-woocommerce_thumbnail\" alt=\"Mix a Mastering (MORE TRACKS)\" srcset=\"https:\/\/remistaniek.com\/wp-content\/uploads\/2024\/11\/MIKS-MASTERING-more-300x300.jpg 300w, https:\/\/remistaniek.com\/wp-content\/uploads\/2024\/11\/MIKS-MASTERING-more-500x500.jpg 500w, https:\/\/remistaniek.com\/wp-content\/uploads\/2024\/11\/MIKS-MASTERING-more-150x150.jpg 150w, https:\/\/remistaniek.com\/wp-content\/uploads\/2024\/11\/MIKS-MASTERING-more-75x75.jpg 75w, https:\/\/remistaniek.com\/wp-content\/uploads\/2024\/11\/MIKS-MASTERING-more-480x480.jpg 480w, https:\/\/remistaniek.com\/wp-content\/uploads\/2024\/11\/MIKS-MASTERING-more.jpg 504w\" sizes=\"auto, (max-width:767px) 300px, 300px\" \/><\/div>\n\t\t\t\t\t<div class=\"wc-block-grid__product-title\">Mix a Mastering (MORE TRACKS)<\/div>\n\t\t\t\t<\/a>\n\t\t\t\t<div class=\"wc-block-grid__product-price price\"><span class=\"woocommerce-Price-amount amount\" aria-hidden=\"true\">2 895,00&nbsp;<span class=\"woocommerce-Price-currencySymbol\">&#075;&#269;<\/span><\/span> <span aria-hidden=\"true\">&ndash;<\/span> <span class=\"woocommerce-Price-amount amount\" aria-hidden=\"true\">4 053,00&nbsp;<span class=\"woocommerce-Price-currencySymbol\">&#075;&#269;<\/span><\/span><span class=\"screen-reader-text\">Rozp\u011bt\u00ed cen: 2 895,00&nbsp;&#075;&#269; a\u017e 4 053,00&nbsp;&#075;&#269;<\/span><\/div>\n\t\t\t\t\n\t\t\t\t<div class=\"wp-block-button wc-block-grid__product-add-to-cart\"><a href=\"https:\/\/remistaniek.com\/cs\/produkt\/skladba-mix-a-mastering-2-skladby-kopia-kopia-kopia\/\" aria-label=\"Vyberte nastaven\u00ed pro &bdquo;Mix a Mastering (MORE TRACKS)&ldquo;\" data-quantity=\"1\" data-product_id=\"1348\" data-product_sku=\"\" data-price=\"2895\" rel=\"nofollow\" class=\"wp-block-button__link  add_to_cart_button\">V\u00fdb\u011br mo\u017enost\u00ed<\/a><\/div>\n\t\t\t<\/li><li class=\"wc-block-grid__product\">\n\t\t\t\t<a href=\"https:\/\/remistaniek.com\/cs\/produkt\/skladba-mix-a-mastering-2-skladby\/\" class=\"wc-block-grid__product-link\">\n\t\t\t\t\t\n\t\t\t\t\t<div class=\"wc-block-grid__product-image\"><img loading=\"lazy\" decoding=\"async\" width=\"300\" height=\"300\" src=\"https:\/\/remistaniek.com\/wp-content\/uploads\/2024\/11\/MIKS-MASTERING-300x300.jpg\" class=\"attachment-woocommerce_thumbnail size-woocommerce_thumbnail\" alt=\"Skladba Mix a Mastering \u2013 2 skladby\" srcset=\"https:\/\/remistaniek.com\/wp-content\/uploads\/2024\/11\/MIKS-MASTERING-300x300.jpg 300w, https:\/\/remistaniek.com\/wp-content\/uploads\/2024\/11\/MIKS-MASTERING-500x500.jpg 500w, https:\/\/remistaniek.com\/wp-content\/uploads\/2024\/11\/MIKS-MASTERING-150x150.jpg 150w, https:\/\/remistaniek.com\/wp-content\/uploads\/2024\/11\/MIKS-MASTERING-75x75.jpg 75w, https:\/\/remistaniek.com\/wp-content\/uploads\/2024\/11\/MIKS-MASTERING-480x480.jpg 480w, https:\/\/remistaniek.com\/wp-content\/uploads\/2024\/11\/MIKS-MASTERING.jpg 504w\" sizes=\"auto, (max-width:767px) 300px, 300px\" \/><\/div>\n\t\t\t\t\t<div class=\"wc-block-grid__product-title\">Skladba Mix a Mastering \u2013 2 skladby<\/div>\n\t\t\t\t<\/a>\n\t\t\t\t<div class=\"wc-block-grid__product-price price\"><span class=\"woocommerce-Price-amount amount\">579,00&nbsp;<span class=\"woocommerce-Price-currencySymbol\">&#075;&#269;<\/span><\/span><\/div>\n\t\t\t\t\n\t\t\t\t<div class=\"wp-block-button wc-block-grid__product-add-to-cart\"><a href=\"\/cs\/wp-json\/wp\/v2\/pages\/716?add-to-cart=1325\" aria-label=\"P\u0159idat do ko\u0161\u00edku: &ldquo;Skladba Mix a Mastering \u2013 2 skladby&rdquo;\" data-quantity=\"1\" data-product_id=\"1325\" data-product_sku=\"\" data-price=\"579\" rel=\"nofollow\" class=\"wp-block-button__link  add_to_cart_button ajax_add_to_cart\">P\u0159idat do ko\u0161\u00edku<\/a><\/div>\n\t\t\t<\/li><\/ul><\/div><\/div>\n<\/div>\n","protected":false},"excerpt":{"rendered":"","protected":false},"author":3,"featured_media":0,"parent":0,"menu_order":0,"comment_status":"closed","ping_status":"closed","template":"","meta":{"footnotes":""},"class_list":["post-716","page","type-page","status-publish","hentry"],"_links":{"self":[{"href":"https:\/\/remistaniek.com\/cs\/wp-json\/wp\/v2\/pages\/716","targetHints":{"allow":["GET"]}}],"collection":[{"href":"https:\/\/remistaniek.com\/cs\/wp-json\/wp\/v2\/pages"}],"about":[{"href":"https:\/\/remistaniek.com\/cs\/wp-json\/wp\/v2\/types\/page"}],"author":[{"embeddable":true,"href":"https:\/\/remistaniek.com\/cs\/wp-json\/wp\/v2\/users\/3"}],"replies":[{"embeddable":true,"href":"https:\/\/remistaniek.com\/cs\/wp-json\/wp\/v2\/comments?post=716"}],"version-history":[{"count":2,"href":"https:\/\/remistaniek.com\/cs\/wp-json\/wp\/v2\/pages\/716\/revisions"}],"predecessor-version":[{"id":925,"href":"https:\/\/remistaniek.com\/cs\/wp-json\/wp\/v2\/pages\/716\/revisions\/925"}],"wp:attachment":[{"href":"https:\/\/remistaniek.com\/cs\/wp-json\/wp\/v2\/media?parent=716"}],"curies":[{"name":"wp","href":"https:\/\/api.w.org\/{rel}","templated":true}]}}