{"id":1017,"date":"2024-06-21T15:48:09","date_gmt":"2024-06-21T13:48:09","guid":{"rendered":"https:\/\/remistaniek.com\/produkt\/panska-mikina-s-dvojitou-kapuci-ruzne-barvy\/"},"modified":"2024-06-21T18:27:57","modified_gmt":"2024-06-21T16:27:57","slug":"panska-mikina-s-dvojitou-kapuci-ruzne-barvy","status":"publish","type":"product","link":"https:\/\/remistaniek.com\/cs\/produkt\/panska-mikina-s-dvojitou-kapuci-ruzne-barvy\/","title":{"rendered":"P\u00e1nsk\u00e1 mikina s dvojitou kapuc\u00ed (r\u016fzn\u00e9 barvy)"},"content":{"rendered":"<p><strong>Z\u00c1KLADN\u00cd INFORMACE:<\/strong><\/p>\n<ul>\n<li>80% \u010desan\u00e1 bavlna, 20% polyester,<\/li>\n<li>Dvojit\u00e1 kapuce,<\/li>\n<li>Kryt\u00e9 \u0161vy na ramenou,<\/li>\n<li>Klokan\u00ed kapsa<\/li>\n<li>Man\u017eety na ruk\u00e1vech a ve spodn\u00ed \u010d\u00e1sti mikiny.<\/li>\n<\/ul>\n","protected":false},"excerpt":{"rendered":"<p><strong>Objevte pohodl\u00ed a styl s na\u0161\u00ed novou kolekc\u00ed p\u00e1nsk\u00fdch klokan\u00edch mikin!<\/strong><\/p>\n<ol>\n<li style=\"text-align: justify\"><strong>Elegance a funk\u010dnost: siln\u00e1 Na\u0161e klokan\u00ed mikiny kombinuj\u00ed modern\u00ed design s prakti\u010dnost\u00ed.<\/strong> Jsou vyrobeny z vysoce kvalitn\u00edch materi\u00e1l\u016f a zaji\u0161\u0165uj\u00ed komfort no\u0161en\u00ed po cel\u00fd den.<\/li>\n<li style=\"text-align: justify\"><strong>V\u0161estrannost: siln\u00e1 Perfektn\u00ed pro ka\u017edou p\u0159\u00edle\u017eitost \u2013 od ka\u017edodenn\u00edch proch\u00e1zek, p\u0159es tr\u00e9ninky a\u017e po v\u00edkendov\u00e9 v\u00fdlety s p\u0159\u00e1teli.<\/strong> Na\u0161e mikiny jsou skv\u011blou volbou bez ohledu na situaci.<\/li>\n<li style=\"text-align: justify\"><strong>Klokan\u00ed kapsa: Praktick\u00e1 a stylov\u00e1 p\u0159edn\u00ed kapsa umo\u017e\u0148uje ulo\u017een\u00ed nezbytn\u00fdch v\u011bc\u00ed nebo zah\u0159\u00e1t\u00ed rukou v chladn\u011bj\u0161\u00edch dnech.<\/strong><\/li>\n<li style=\"text-align: justify\"><strong>Stylov\u00e9 barvy: Na\u0161e kolekce obsahuje mikiny v m\u00f3dn\u00edch barv\u00e1ch, v\u010detn\u011b klasick\u00e9ho grafitu, kter\u00fd se perfektn\u011b hod\u00ed ke ka\u017ed\u00e9mu stylingu.<\/strong><\/li>\n<li style=\"text-align: justify\"><strong>Odolnost: Na\u0161e mikiny jsou vyrobeny z odoln\u00fdch materi\u00e1l\u016f, kter\u00e9 si zachov\u00e1vaj\u00ed sv\u016fj tvar a barvu i po mnoha pran\u00edch.<\/strong><\/li>\n<\/ol>\n<p style=\"text-align: justify\">Neprome\u0161kejte p\u0159\u00edle\u017eitost a p\u0159ipojte se ke skupin\u011b spokojen\u00fdch z\u00e1kazn\u00edk\u016f je\u0161t\u011b dnes! Prohl\u00e9dn\u011bte si na\u0161i kolekci p\u00e1nsk\u00fdch klokan\u00edch mikin a vyberte si sv\u016fj obl\u00edben\u00fd model!<\/p>\n<p><strong>Kupte nyn\u00ed a u\u017eijte si v\u00fdjime\u010dn\u00fd komfort a styl!<\/strong><\/p>\n","protected":false},"featured_media":769,"template":"","meta":[],"product_brand":[],"product_cat":[76],"product_tag":[116,117],"class_list":{"0":"post-1017","1":"product","2":"type-product","3":"status-publish","4":"has-post-thumbnail","6":"product_cat-obleceni","7":"product_tag-klokani-mikina","8":"product_tag-mikina","10":"first","11":"instock","12":"shipping-taxable","13":"purchasable","14":"product-type-variable"},"_links":{"self":[{"href":"https:\/\/remistaniek.com\/cs\/wp-json\/wp\/v2\/product\/1017","targetHints":{"allow":["GET"]}}],"collection":[{"href":"https:\/\/remistaniek.com\/cs\/wp-json\/wp\/v2\/product"}],"about":[{"href":"https:\/\/remistaniek.com\/cs\/wp-json\/wp\/v2\/types\/product"}],"wp:featuredmedia":[{"embeddable":true,"href":"https:\/\/remistaniek.com\/cs\/wp-json\/wp\/v2\/media\/769"}],"wp:attachment":[{"href":"https:\/\/remistaniek.com\/cs\/wp-json\/wp\/v2\/media?parent=1017"}],"wp:term":[{"taxonomy":"product_brand","embeddable":true,"href":"https:\/\/remistaniek.com\/cs\/wp-json\/wp\/v2\/product_brand?post=1017"},{"taxonomy":"product_cat","embeddable":true,"href":"https:\/\/remistaniek.com\/cs\/wp-json\/wp\/v2\/product_cat?post=1017"},{"taxonomy":"product_tag","embeddable":true,"href":"https:\/\/remistaniek.com\/cs\/wp-json\/wp\/v2\/product_tag?post=1017"}],"curies":[{"name":"wp","href":"https:\/\/api.w.org\/{rel}","templated":true}]}}