{"id":1052,"date":"2024-05-02T11:01:36","date_gmt":"2024-05-02T09:01:36","guid":{"rendered":"https:\/\/remistaniek.com\/produkt\/mladeznicka-mikina-s-dvojitou-kapuci-bez-stahovani\/"},"modified":"2024-06-21T19:59:39","modified_gmt":"2024-06-21T17:59:39","slug":"mladeznicka-mikina-s-dvojitou-kapuci-bez-stahovani","status":"publish","type":"product","link":"https:\/\/remistaniek.com\/cs\/produkt\/mladeznicka-mikina-s-dvojitou-kapuci-bez-stahovani\/","title":{"rendered":"Ml\u00e1de\u017enick\u00e1 mikina s dvojitou kapuc\u00ed bez stahov\u00e1n\u00ed"},"content":{"rendered":"<p><strong>Z\u00c1KLADN\u00cd INFORMACE:<\/strong><\/p>\n<ul>\n<li>80% \u010desan\u00e1 bavlna, 20% polyester,<\/li>\n<li>dvojit\u00e1 kapuce bez \u0161\u0148\u016frky,<\/li>\n<li>Kryt\u00e9 \u0161vy na ramenou,<\/li>\n<li>Klokan\u00ed kapsa<\/li>\n<li>Man\u017eety na ruk\u00e1vech a ve spodn\u00ed \u010d\u00e1sti mikiny.<\/li>\n<\/ul>\n<p><img loading=\"lazy\" decoding=\"async\" class=\"alignnone size-medium wp-image-603\" src=\"https:\/\/remistaniek.com\/wp-content\/uploads\/2024\/04\/ROZMIAROWKA-500x327.jpg\" alt=\"\" width=\"500\" height=\"327\" srcset=\"https:\/\/remistaniek.com\/wp-content\/uploads\/2024\/04\/ROZMIAROWKA-500x327.jpg 500w, https:\/\/remistaniek.com\/wp-content\/uploads\/2024\/04\/ROZMIAROWKA-300x196.jpg 300w, https:\/\/remistaniek.com\/wp-content\/uploads\/2024\/04\/ROZMIAROWKA-600x393.jpg 600w, https:\/\/remistaniek.com\/wp-content\/uploads\/2024\/04\/ROZMIAROWKA-1200x785.jpg 1200w, https:\/\/remistaniek.com\/wp-content\/uploads\/2024\/04\/ROZMIAROWKA-768x503.jpg 768w, https:\/\/remistaniek.com\/wp-content\/uploads\/2024\/04\/ROZMIAROWKA-1536x1005.jpg 1536w, https:\/\/remistaniek.com\/wp-content\/uploads\/2024\/04\/ROZMIAROWKA-2048x1340.jpg 2048w, https:\/\/remistaniek.com\/wp-content\/uploads\/2024\/04\/ROZMIAROWKA-115x75.jpg 115w, https:\/\/remistaniek.com\/wp-content\/uploads\/2024\/04\/ROZMIAROWKA-480x314.jpg 480w\" sizes=\"auto, (max-width:767px) 480px, 500px\" \/><\/p>\n","protected":false},"excerpt":{"rendered":"<h3>Ml\u00e1de\u017enick\u00e1 mikina klokan od REMI STANIEK \u2013 styl a energick\u00e9 vibrace!<\/h3>\n<p><strong>Objevte na\u0161i novou kolekci klokan\u00edch mikin pro teenagery od REMI STANIEK!<\/strong><\/p>\n<ol>\n<li style=\"text-align: justify\"><strong>Energetick\u00fd design: Na\u0161e klokan\u00ed mikiny jsou inspirov\u00e1ny v\u00e1\u0161n\u00ed pro hudbu a um\u011bn\u00ed, d\u00edky \u010demu\u017e jsou jedine\u010dn\u00e9 a pln\u00e9 hudebn\u00edch vibrac\u00ed.<\/strong> Ka\u017ed\u00fd detail odr\u00e1\u017e\u00ed jedine\u010dn\u00fd styl v\u00fdrobce REMI STANIEK.<\/li>\n<li style=\"text-align: justify\"><strong>Pohodl\u00ed a funk\u010dnost: Na\u0161e mikiny vyroben\u00e9 z vysoce kvalitn\u00edch materi\u00e1l\u016f poskytuj\u00ed nejen pohodl\u00ed, ale tak\u00e9 vynikaj\u00edc\u00ed ochranu p\u0159ed chladem.<\/strong> Ide\u00e1ln\u00ed pro ka\u017ed\u00e9 ro\u010dn\u00ed obdob\u00ed &#8211; jak do \u0161koly, tak na setk\u00e1n\u00ed s p\u0159\u00e1teli.<\/li>\n<li style=\"text-align: justify\"><strong>Praktick\u00e9 detaily: Prostorn\u00e1 klokan\u00ed kapsa na p\u0159edn\u00ed stran\u011b je ide\u00e1ln\u00ed pro ulo\u017een\u00ed telefonu nebo kl\u00ed\u010d\u016f a tak\u00e9 pro zah\u0159\u00e1t\u00ed rukou v chladn\u011bj\u0161\u00edch dnech.<\/strong> Elastick\u00e9 man\u017eety a lem zaji\u0161\u0165uj\u00ed perfektn\u00ed padnut\u00ed.<\/li>\n<li style=\"text-align: justify\"><strong>Unik\u00e1tn\u00ed kolekce REMI STANIEK: Tato klokan\u00ed mikina je sou\u010d\u00e1st\u00ed exkluzivn\u00ed kolekce REMI STANIEK, slavn\u00e9ho hudebn\u00edho producenta.<\/strong> Nen\u00ed to jen oble\u010den\u00ed, ale tak\u00e9 vyj\u00e1d\u0159en\u00ed v\u00e1\u0161n\u011b pro hudbu a um\u011bleck\u00e9 vyj\u00e1d\u0159en\u00ed.<\/li>\n<li style=\"text-align: justify\"><strong>Rozmanitost barev: K dispozici v \u0161irok\u00e9 \u0161k\u00e1le barev &#8211; od tlumen\u00fdch a\u017e po intenzivn\u00ed, kter\u00e9 se hod\u00ed pro jak\u00fdkoli mladistv\u00fd styl.<\/strong><\/li>\n<li style=\"text-align: justify\"><strong>Perfektn\u00ed jako d\u00e1rek: Hled\u00e1te tip na d\u00e1rek pro mlad\u00e9ho \u010dlena rodiny nebo p\u0159\u00edtele?<\/strong> Na\u0161e klokan\u00ed mikiny od REMI STANIEK jsou perfektn\u00ed volbou pro ka\u017edou p\u0159\u00edle\u017eitost &#8211; praktick\u00e9, stylov\u00e9 a hudebn\u00ed!<\/li>\n<\/ol>\n<p style=\"text-align: justify\">Ne\u010dekejte! Objednejte si svou obl\u00edbenou klokan\u00ed mikinu z na\u0161\u00ed kolekce REMI STANIEK je\u0161t\u011b dnes a u\u017eijte si pohodl\u00ed a styl ka\u017ed\u00fd den.<\/p>\n<p><strong>Vyj\u00e1d\u0159ete sv\u016fj hudebn\u00ed styl s klokan\u00ed mikinou od REMI STANIEK!<\/strong><\/p>\n","protected":false},"featured_media":826,"template":"","meta":[],"product_brand":[],"product_cat":[76],"product_tag":[116,117],"class_list":{"0":"post-1052","1":"product","2":"type-product","3":"status-publish","4":"has-post-thumbnail","6":"product_cat-obleceni","7":"product_tag-klokani-mikina","8":"product_tag-mikina","10":"first","11":"instock","12":"shipping-taxable","13":"purchasable","14":"product-type-variable"},"_links":{"self":[{"href":"https:\/\/remistaniek.com\/cs\/wp-json\/wp\/v2\/product\/1052","targetHints":{"allow":["GET"]}}],"collection":[{"href":"https:\/\/remistaniek.com\/cs\/wp-json\/wp\/v2\/product"}],"about":[{"href":"https:\/\/remistaniek.com\/cs\/wp-json\/wp\/v2\/types\/product"}],"wp:featuredmedia":[{"embeddable":true,"href":"https:\/\/remistaniek.com\/cs\/wp-json\/wp\/v2\/media\/826"}],"wp:attachment":[{"href":"https:\/\/remistaniek.com\/cs\/wp-json\/wp\/v2\/media?parent=1052"}],"wp:term":[{"taxonomy":"product_brand","embeddable":true,"href":"https:\/\/remistaniek.com\/cs\/wp-json\/wp\/v2\/product_brand?post=1052"},{"taxonomy":"product_cat","embeddable":true,"href":"https:\/\/remistaniek.com\/cs\/wp-json\/wp\/v2\/product_cat?post=1052"},{"taxonomy":"product_tag","embeddable":true,"href":"https:\/\/remistaniek.com\/cs\/wp-json\/wp\/v2\/product_tag?post=1052"}],"curies":[{"name":"wp","href":"https:\/\/api.w.org\/{rel}","templated":true}]}}