{"id":1193,"date":"2024-06-22T10:00:30","date_gmt":"2024-06-22T08:00:30","guid":{"rendered":"https:\/\/remistaniek.com\/?post_type=product&#038;p=1193"},"modified":"2024-06-22T15:28:59","modified_gmt":"2024-06-22T13:28:59","slug":"damska-mikina-s-dvojitou-kapuci-ruzne-barvy-kopia-kopia-kopia","status":"publish","type":"product","link":"https:\/\/remistaniek.com\/cs\/produkt\/damska-mikina-s-dvojitou-kapuci-ruzne-barvy-kopia-kopia-kopia\/","title":{"rendered":"T-SHIRT RS #3 Blue"},"content":{"rendered":"<p><strong>Z\u00c1KLADN\u00cd INFORMACE:<\/strong><\/p>\n<ul>\n<li><strong>Model: d\u011btsk\u00fd, d\u00e1msk\u00fd, p\u00e1nsk\u00fd<\/strong><\/li>\n<li><strong>\u00da\u010del pou\u017eit\u00ed: v\u0161echny sportovn\u00ed discipl\u00edny<\/strong><\/li>\n<li><strong>Velikost: XS, S, M, L, XL, XXL<\/strong><\/li>\n<li><strong>Vlastnosti: rychleschnouc\u00ed, vod\u011bodoln\u00fd, odoln\u00fd proti skvrn\u00e1m, prody\u0161n\u00fd<\/strong><\/li>\n<li><strong>Slo\u017een\u00ed: 100% polyester, klarant<\/strong><\/li>\n<li><strong>Materi\u00e1l: lehk\u00fd, vzdu\u0161n\u00fd, pru\u017en\u00fd, vyrobeno v Polsku<\/strong><\/li>\n<li><strong>D\u00e9lka ruk\u00e1vu: kr\u00e1tk\u00fd<\/strong><\/li>\n<li><strong>St\u0159ih: Medium Fit &#8211; lehce p\u0159il\u00e9h\u00e1 k t\u011blu<\/strong><\/li>\n<li><strong>V\u00fdrobek je \u0161it\u00fd v Polsku.<\/strong><\/li>\n<\/ul>\n","protected":false},"excerpt":{"rendered":"<h3>Objevte exkluzivn\u00ed tri\u010dko REMI STANIEK!<\/h3>\n<p>Jste p\u0159ipraveni na n\u011bco v\u00edc ne\u017e jen oby\u010dejn\u00e9 tri\u010dko? Poznejte jedine\u010dn\u00e9 tri\u010dko od hudebn\u00edho producenta REMI STANIEK &#8211; synonymum stylu, kvality a v\u00e1\u0161n\u011b pro hudbu!<\/p>\n<h4>Pro\u010d se vyplat\u00ed vybrat si tri\u010dko REMI STANIEK?<\/h4>\n<p><strong>Jedine\u010dn\u00fd design: Ka\u017ed\u00e9 tri\u010dko je pe\u010dliv\u011b navr\u017eeno tak, aby zachytilo ducha hudby.<\/strong> Unikalne grafiki inspirowane s\u0105 tw\u00f3rczo\u015bci\u0105 REMI STANIEK, dzi\u0119ki czemu wyr\u00f3\u017cnisz si\u0119 w t\u0142umie.<\/p>\n<p><strong>Perfect Fit: Na\u0161e tri\u010dka jsou k dispozici v r\u016fzn\u00fdch velikostech a jsou navr\u017eena tak, aby perfektn\u011b sed\u011bla ka\u017ed\u00e9 postav\u011b.<\/strong> Mi\u0119kki, elastyczny materia\u0142 sprawia, \u017ce koszulka doskonale le\u017cy na ciele, nie kr\u0119puj\u0105c ruch\u00f3w.<\/p>\n<p><strong>Podpora um\u011blce: Zakoupen\u00edm tri\u010dka REMI STANIEK podpo\u0159\u00edte nez\u00e1visl\u00e9ho um\u011blce.<\/strong> Nen\u00ed to jen oble\u010den\u00ed, je to vyj\u00e1d\u0159en\u00ed va\u0161\u00ed v\u00e1\u0161n\u011b pro hudbu a podpory kreativity.<\/p>\n<p><strong>Limitovan\u00e1 edice: Na\u0161e tri\u010dka jsou k dispozici v limitovan\u00e9 edici, d\u00edky \u010demu\u017e jsou je\u0161t\u011b v\u00fdjime\u010dn\u011bj\u0161\u00ed.<\/strong> Nenechte si uj\u00edt p\u0159\u00edle\u017eitost st\u00e1t se majitelem jedine\u010dn\u00e9ho tri\u010dka od REMI STANIEK!<\/p>\n<p><strong>Objednejte nyn\u00ed a p\u0159ipojte se k exkluzivn\u00ed skupin\u011b fanou\u0161k\u016f REMI STANIEK!<\/strong><\/p>\n<p>Hudba je v\u00edc ne\u017e zvuk \u2013 je to \u017eivotn\u00ed styl. Vyj\u00e1d\u0159ete to tri\u010dkem od REMI STANIEK!<\/p>\n","protected":false},"featured_media":1085,"template":"","meta":[],"product_brand":[],"product_cat":[76],"product_tag":[188,189,185,186],"class_list":{"0":"post-1193","1":"product","2":"type-product","3":"status-publish","4":"has-post-thumbnail","6":"product_cat-obleceni","7":"product_tag-remi-staniek-cs","8":"product_tag-rs-cs","9":"product_tag-sportovni-tricko","10":"product_tag-t-shirt-cs","12":"first","13":"instock","14":"shipping-taxable","15":"purchasable","16":"product-type-variable"},"_links":{"self":[{"href":"https:\/\/remistaniek.com\/cs\/wp-json\/wp\/v2\/product\/1193","targetHints":{"allow":["GET"]}}],"collection":[{"href":"https:\/\/remistaniek.com\/cs\/wp-json\/wp\/v2\/product"}],"about":[{"href":"https:\/\/remistaniek.com\/cs\/wp-json\/wp\/v2\/types\/product"}],"wp:featuredmedia":[{"embeddable":true,"href":"https:\/\/remistaniek.com\/cs\/wp-json\/wp\/v2\/media\/1085"}],"wp:attachment":[{"href":"https:\/\/remistaniek.com\/cs\/wp-json\/wp\/v2\/media?parent=1193"}],"wp:term":[{"taxonomy":"product_brand","embeddable":true,"href":"https:\/\/remistaniek.com\/cs\/wp-json\/wp\/v2\/product_brand?post=1193"},{"taxonomy":"product_cat","embeddable":true,"href":"https:\/\/remistaniek.com\/cs\/wp-json\/wp\/v2\/product_cat?post=1193"},{"taxonomy":"product_tag","embeddable":true,"href":"https:\/\/remistaniek.com\/cs\/wp-json\/wp\/v2\/product_tag?post=1193"}],"curies":[{"name":"wp","href":"https:\/\/api.w.org\/{rel}","templated":true}]}}