{"id":1325,"date":"2024-11-01T14:59:16","date_gmt":"2024-11-01T13:59:16","guid":{"rendered":"https:\/\/remistaniek.com\/produkt\/skladba-mix-a-mastering-2-skladby\/"},"modified":"2024-11-01T11:39:16","modified_gmt":"2024-11-01T10:39:16","slug":"skladba-mix-a-mastering-2-skladby","status":"publish","type":"product","link":"https:\/\/remistaniek.com\/cs\/produkt\/skladba-mix-a-mastering-2-skladby\/","title":{"rendered":"Skladba Mix a Mastering \u2013 2 skladby"},"content":{"rendered":"<ul>\n<li>\n<div><strong>Sm\u00edchejte a zvl\u00e1dn\u011bte<\/strong> skladbu do 2 skladeb<\/div>\n<\/li>\n<li><strong>Online<\/strong> implementace<\/li>\n<li><strong>Nejrychlej\u0161\u00ed realizace<\/strong> \u2013 72 hodin<\/li>\n<li><strong>Neomezen\u00e9<\/strong> revize<\/li>\n<li><strong>Kontrola<\/strong> cest<\/li>\n<li><strong>Neust\u00e1l\u00fd kontakt <\/strong>se zvuka\u0159em<\/li>\n<li><strong>Hotov\u00e1 skladba<\/strong> ve form\u00e1tech WAV a MP3<\/li>\n<\/ul>\n","protected":false},"excerpt":{"rendered":"<p style=\"text-align: justify;\"><span style=\"font-size: 14pt;\">Hled\u00e1te profesion\u00e1ln\u00ed mix a mastering va\u0161\u00ed p\u00edsn\u011b? <\/span><\/p>\n<p style=\"text-align: justify;\"><span style=\"font-size: 14pt;\">Na\u0161e slu\u017eba je perfektn\u00edm \u0159e\u0161en\u00edm pro um\u011blce a producenty, kte\u0159\u00ed cht\u011bj\u00ed d\u00e1t sv\u00fdm nahr\u00e1vk\u00e1m jedine\u010dn\u00fd zvuk!<\/span><\/p>\n<p><span style=\"font-size: 14pt;\"><strong>Co nab\u00edz\u00edme:<\/strong><\/span><\/p>\n<ul>\n<li><span style=\"font-size: 14pt;\"><strong>Mix:<\/strong> Pracujeme na dvou stop\u00e1ch, nastavujeme \u00farovn\u011b, panor\u00e1mov\u00e1n\u00ed a efekty, abychom dos\u00e1hli vyv\u00e1\u017een\u00e9ho a dynamick\u00e9ho zvuku.<\/span><\/li>\n<li><span style=\"font-size: 14pt;\"><strong>Mastering:<\/strong> Dokon\u010dujeme skladbu a p\u0159ipravujeme ji k publikaci. Optimalizujeme hlasitost, kompresi a ekvalizaci, aby zn\u011bly skv\u011ble na jak\u00e9mkoli za\u0159\u00edzen\u00ed. <\/span><\/li>\n<\/ul>\n<p><span style=\"font-size: 14pt;\"><strong>Pro\u010d si vybrat n\u00e1s?<\/strong><\/span><\/p>\n<ul>\n<li><span style=\"font-size: 14pt;\"><strong>Zku\u0161enosti:<\/strong> Na\u0161i zvuka\u0159i maj\u00ed dlouholet\u00e9 zku\u0161enosti v hudebn\u00edm pr\u016fmyslu.<\/span><\/li>\n<li><span style=\"font-size: 14pt;\"><strong>Individu\u00e1ln\u00ed p\u0159\u00edstupstrong:<\/strong> S ka\u017ed\u00fdm kusem zach\u00e1z\u00edme s maxim\u00e1ln\u00ed p\u00e9\u010d\u00ed, bereme v \u00favahu va\u0161e preference a um\u011bleckou vizi.<\/span><\/li>\n<li><span style=\"font-size: 14pt;\"><strong>Rychl\u00fd obratstrong<\/strong>: Zaru\u010dujeme v\u010dasn\u00fd obrat, abyste mohli svou hudbu sd\u00edlet se sv\u011btem co nejrychleji.<\/span><\/li>\n<\/ul>\n<p><span style=\"font-size: 14pt;\"><strong>Objednejte je\u0161t\u011b dnes a nechte svou skladbu zn\u00edt profesion\u00e1ln\u011b!<\/strong><\/span><\/p>\n","protected":false},"featured_media":1327,"template":"","meta":[],"product_brand":[],"product_cat":[219,243],"product_tag":[],"class_list":{"0":"post-1325","1":"product","2":"type-product","3":"status-publish","4":"has-post-thumbnail","6":"product_cat-mix-i-mastering-cs","7":"product_cat-sluzby","9":"first","10":"instock","11":"virtual","12":"purchasable","13":"product-type-simple"},"_links":{"self":[{"href":"https:\/\/remistaniek.com\/cs\/wp-json\/wp\/v2\/product\/1325","targetHints":{"allow":["GET"]}}],"collection":[{"href":"https:\/\/remistaniek.com\/cs\/wp-json\/wp\/v2\/product"}],"about":[{"href":"https:\/\/remistaniek.com\/cs\/wp-json\/wp\/v2\/types\/product"}],"wp:featuredmedia":[{"embeddable":true,"href":"https:\/\/remistaniek.com\/cs\/wp-json\/wp\/v2\/media\/1327"}],"wp:attachment":[{"href":"https:\/\/remistaniek.com\/cs\/wp-json\/wp\/v2\/media?parent=1325"}],"wp:term":[{"taxonomy":"product_brand","embeddable":true,"href":"https:\/\/remistaniek.com\/cs\/wp-json\/wp\/v2\/product_brand?post=1325"},{"taxonomy":"product_cat","embeddable":true,"href":"https:\/\/remistaniek.com\/cs\/wp-json\/wp\/v2\/product_cat?post=1325"},{"taxonomy":"product_tag","embeddable":true,"href":"https:\/\/remistaniek.com\/cs\/wp-json\/wp\/v2\/product_tag?post=1325"}],"curies":[{"name":"wp","href":"https:\/\/api.w.org\/{rel}","templated":true}]}}