{"id":1369,"date":"2024-11-01T15:59:35","date_gmt":"2024-11-01T14:59:35","guid":{"rendered":"https:\/\/remistaniek.com\/produkt\/mastering\/"},"modified":"2024-11-01T15:59:35","modified_gmt":"2024-11-01T14:59:35","slug":"mastering","status":"publish","type":"product","link":"https:\/\/remistaniek.com\/cs\/produkt\/mastering\/","title":{"rendered":"MASTERING"},"content":{"rendered":"<p style=\"text-align: justify;\"><span style=\"font-size: 12pt;\">Zvy\u0161te kvalitu sv\u00e9 skladby na profesion\u00e1ln\u00ed \u00farove\u0148 pomoc\u00ed na\u0161\u00ed masteringov\u00e9 slu\u017eby. Nab\u00edz\u00edme precizn\u00ed audio mastering, kter\u00fd zv\u00fdrazn\u00ed zvuk va\u0161\u00ed hudby a p\u0159iprav\u00ed ji k publikaci na v\u0161ech platform\u00e1ch. <\/span><\/p>\n<p><span style=\"font-size: 12pt;\"><strong>Co nab\u00edz\u00edme:<\/strong><\/span><\/p>\n<ul>\n<li style=\"text-align: justify;\"><span style=\"font-size: 12pt;\"><strong>Profesion\u00e1ln\u00ed mastering:<\/strong> Pou\u017eit\u00ed pokro\u010dil\u00fdch technik k dosa\u017een\u00ed optim\u00e1ln\u00edho zvuku.<\/span><\/li>\n<li style=\"text-align: justify;\"><span style=\"font-size: 12pt;\"><strong>P\u0159izp\u016fsoben\u00ed pr\u016fmyslov\u00fdm standard\u016fm:<\/strong> P\u0159\u00edprava skladeb k vys\u00edl\u00e1n\u00ed v r\u00e1diu, na streamovac\u00edch platform\u00e1ch a ve form\u00e1tu CD.<\/span><\/li>\n<li style=\"text-align: justify;\"><span style=\"font-size: 12pt;\"><strong>Individu\u00e1ln\u00ed p\u0159\u00edstup:<\/strong> Ka\u017ed\u00fd projekt zpracov\u00e1v\u00e1me s pozornost\u00ed, abychom splnili va\u0161e o\u010dek\u00e1v\u00e1n\u00ed a um\u011bleckou vizi.<\/span><\/li>\n<li style=\"text-align: justify;\"><span style=\"font-size: 12pt;\"><strong>Rychl\u00e1 doba realizace:<\/strong> Db\u00e1me na to, aby va\u0161e skladby byly hotov\u00e9 v\u010das.<\/span><\/li>\n<\/ul>\n","protected":false},"excerpt":{"rendered":"<p>Zvy\u0161te kvalitu sv\u00e9 skladby na profesion\u00e1ln\u00ed \u00farove\u0148 pomoc\u00ed na\u0161\u00ed masteringov\u00e9 slu\u017eby. Nab\u00edz\u00edme precizn\u00ed audio mastering, kter\u00fd zv\u00fdrazn\u00ed zvuk va\u0161\u00ed hudby a p\u0159iprav\u00ed ji k publikaci na<span class=\"excerpt-hellip\"> [\u2026]<\/span><\/p>\n","protected":false},"featured_media":1366,"template":"","meta":[],"product_brand":[],"product_cat":[219,243],"product_tag":[],"class_list":{"0":"post-1369","1":"product","2":"type-product","3":"status-publish","4":"has-post-thumbnail","6":"product_cat-mix-i-mastering-cs","7":"product_cat-sluzby","9":"first","10":"instock","11":"virtual","12":"purchasable","13":"product-type-simple"},"_links":{"self":[{"href":"https:\/\/remistaniek.com\/cs\/wp-json\/wp\/v2\/product\/1369","targetHints":{"allow":["GET"]}}],"collection":[{"href":"https:\/\/remistaniek.com\/cs\/wp-json\/wp\/v2\/product"}],"about":[{"href":"https:\/\/remistaniek.com\/cs\/wp-json\/wp\/v2\/types\/product"}],"wp:featuredmedia":[{"embeddable":true,"href":"https:\/\/remistaniek.com\/cs\/wp-json\/wp\/v2\/media\/1366"}],"wp:attachment":[{"href":"https:\/\/remistaniek.com\/cs\/wp-json\/wp\/v2\/media?parent=1369"}],"wp:term":[{"taxonomy":"product_brand","embeddable":true,"href":"https:\/\/remistaniek.com\/cs\/wp-json\/wp\/v2\/product_brand?post=1369"},{"taxonomy":"product_cat","embeddable":true,"href":"https:\/\/remistaniek.com\/cs\/wp-json\/wp\/v2\/product_cat?post=1369"},{"taxonomy":"product_tag","embeddable":true,"href":"https:\/\/remistaniek.com\/cs\/wp-json\/wp\/v2\/product_tag?post=1369"}],"curies":[{"name":"wp","href":"https:\/\/api.w.org\/{rel}","templated":true}]}}