{"id":1418,"date":"2024-10-21T20:43:27","date_gmt":"2024-10-21T18:43:27","guid":{"rendered":"https:\/\/remistaniek.com\/produkt\/melodic-techno-vol-i\/"},"modified":"2024-10-21T20:43:27","modified_gmt":"2024-10-21T18:43:27","slug":"melodic-techno-vol-i","status":"publish","type":"product","link":"https:\/\/remistaniek.com\/cs\/produkt\/melodic-techno-vol-i\/","title":{"rendered":"Melodic Techno Vol. I"},"content":{"rendered":"<h3><strong><span style=\"font-size: 14pt; font-family: georgia, palatino, serif;\">Sada se skl\u00e1d\u00e1 z n\u00e1sleduj\u00edc\u00edch \u010d\u00e1st\u00ed:<\/span><\/strong><\/h3>\n<ul class=\"pml_checkList\">\n<li><span style=\"font-size: 14pt; font-family: georgia, palatino, serif;\"> V\u00edce ne\u017e 50 p\u0159edvoleb pro Serum<\/span>\n<ul class=\"pml_checklist__subList\">\n<li><span style=\"font-size: 14pt; font-family: georgia, palatino, serif;\">16 Bass<\/span><\/li>\n<li><span style=\"font-size: 14pt; font-family: georgia, palatino, serif;\">05 FX<\/span><\/li>\n<li><span style=\"font-size: 14pt; font-family: georgia, palatino, serif;\">15 Leads<\/span><\/li>\n<li><span style=\"font-size: 14pt; font-family: georgia, palatino, serif;\">10 Pads<\/span><\/li>\n<li><span style=\"font-family: georgia, palatino, serif; font-size: 14pt;\">5 Plucks<\/span><\/li>\n<\/ul>\n<\/li>\n<li><span style=\"font-size: 14pt; font-family: georgia, palatino, serif;\">100+ samples and Midi clips<\/span><\/li>\n<li><span style=\"font-family: georgia, palatino, serif;\"><span style=\"font-size: 18.6667px;\">2 vzorov\u00e9 projekty<\/span><\/span><\/li>\n<\/ul>\n","protected":false},"excerpt":{"rendered":"<p style=\"text-align: justify;\"><span style=\"font-family: georgia, palatino, serif; font-size: 14pt;\"><strong>Profesion\u00e1ln\u00ed bal\u00ed\u010dek zvuk\u016f Melodic Techno<\/strong> inspirovan\u00fd stylem um\u011blc\u016f jako Anyma, Afterlife a Kevin de Vries.<\/span><\/p>\n<p style=\"text-align: justify;\"><span style=\"font-family: georgia, palatino, serif; font-size: 14pt;\">Hotov\u00fd bal\u00ed\u010dek <strong>preset\u016f, sampl\u016f a midi<\/strong> soubor\u016f ti u\u0161et\u0159\u00ed cenn\u00fd \u010das a pom\u016f\u017ee vytvo\u0159it profesion\u00e1ln\u00ed zvuk. <\/span><\/p>\n<p style=\"text-align: justify;\"><span style=\"font-family: georgia, palatino, serif; font-size: 14pt;\"><strong>Nav\u00edc obdr\u017e\u00ed\u0161<\/strong> 2 vzorov\u00e9 projekty vytvo\u0159en\u00e9 v Ableton Live 11.<\/span><\/p>\n<p><span style=\"font-family: georgia, palatino, serif; font-size: 14pt;\"><strong>Bal\u00ed\u010dek &#8220;Melodic Techno Vol. 1<\/strong> je ide\u00e1ln\u00ed bal\u00ed\u010dek pro produkci profesion\u00e1ln\u00edch klubov\u00fdch skladeb. <\/span><\/p>\n<p><span style=\"font-family: georgia, palatino, serif; font-size: 14pt;\">Bude\u0161 pot\u0159ebovat software: <strong>Xfer Serum<\/strong> a pro spu\u0161t\u011bn\u00ed projekt\u016f <strong>Ableton Live 11.<\/strong> <\/span><\/p>\n<p class=\"pml_m--mB0\"><span style=\"font-family: georgia, palatino, serif; font-size: 14pt;\"><strong>Co dostane\u0161<\/strong><\/span><\/p>\n<ul class=\"pml_checkList\">\n<li><span style=\"font-family: georgia, palatino, serif; font-size: 14pt;\">V\u00edce ne\u017e 50 hotov\u00fdch preset\u016f pro Serum (basy, leady, pady, plucky, FX)<\/span><\/li>\n<li><span style=\"font-family: georgia, palatino, serif; font-size: 14pt;\">V\u00edce ne\u017e 100 sampl\u016f a MIDI soubor\u016f<\/span><\/li>\n<li><span style=\"font-family: georgia, palatino, serif; font-size: 14pt;\">2 vzorov\u00e9 projekty vytvo\u0159en\u00e9 v Ableton Live 11<\/span><\/li>\n<\/ul>\n","protected":false},"featured_media":1227,"template":"","meta":[],"product_brand":[],"product_cat":[227,242],"product_tag":[],"class_list":{"0":"post-1418","1":"product","2":"type-product","3":"status-publish","4":"has-post-thumbnail","6":"product_cat-beat-shop-cs","7":"product_cat-presety-serum-cs","9":"first","10":"instock","11":"downloadable","12":"virtual","13":"purchasable","14":"product-type-simple"},"_links":{"self":[{"href":"https:\/\/remistaniek.com\/cs\/wp-json\/wp\/v2\/product\/1418","targetHints":{"allow":["GET"]}}],"collection":[{"href":"https:\/\/remistaniek.com\/cs\/wp-json\/wp\/v2\/product"}],"about":[{"href":"https:\/\/remistaniek.com\/cs\/wp-json\/wp\/v2\/types\/product"}],"wp:featuredmedia":[{"embeddable":true,"href":"https:\/\/remistaniek.com\/cs\/wp-json\/wp\/v2\/media\/1227"}],"wp:attachment":[{"href":"https:\/\/remistaniek.com\/cs\/wp-json\/wp\/v2\/media?parent=1418"}],"wp:term":[{"taxonomy":"product_brand","embeddable":true,"href":"https:\/\/remistaniek.com\/cs\/wp-json\/wp\/v2\/product_brand?post=1418"},{"taxonomy":"product_cat","embeddable":true,"href":"https:\/\/remistaniek.com\/cs\/wp-json\/wp\/v2\/product_cat?post=1418"},{"taxonomy":"product_tag","embeddable":true,"href":"https:\/\/remistaniek.com\/cs\/wp-json\/wp\/v2\/product_tag?post=1418"}],"curies":[{"name":"wp","href":"https:\/\/api.w.org\/{rel}","templated":true}]}}