{"id":1499,"date":"2024-12-31T08:54:07","date_gmt":"2024-12-31T07:54:07","guid":{"rendered":"https:\/\/remistaniek.com\/produkt\/music-video-future-style\/"},"modified":"2024-12-31T08:54:07","modified_gmt":"2024-12-31T07:54:07","slug":"music-video-future-style","status":"publish","type":"product","link":"https:\/\/remistaniek.com\/cs\/produkt\/music-video-future-style\/","title":{"rendered":"MUSIC VIDEO &#8211; FUTURE STYLE"},"content":{"rendered":"<p style=\"text-align: justify;\"><span style=\"font-size: 14pt; color: #000000;\"><strong>Vizualizace pro hudbu ve stylu FUTURE<\/strong><\/span><\/p>\n<p style=\"text-align: justify;\"><span style=\"font-size: 14pt; color: #000000;\">Prom\u011b\u0148te svou hudbu v nezapomenutelnou vizu\u00e1ln\u00ed cestu! Tato slu\u017eba zahrnuje vytvo\u0159en\u00ed futuristick\u00e9 vizualizace, kter\u00e1 dokonale odpov\u00edd\u00e1 charakteru va\u0161eho d\u00edla. D\u00edky modern\u00edm grafick\u00fdm technik\u00e1m a speci\u00e1ln\u00edm efekt\u016fm vytv\u00e1\u0159\u00edme jedine\u010dn\u00fd obraz, kter\u00fd odr\u00e1\u017e\u00ed energii a atmosf\u00e9ru hudby ve stylu Future.<\/span><\/p>\n<p style=\"text-align: justify;\"><span style=\"font-size: 14pt; color: #000000;\">Ka\u017ed\u00fd projekt je individu\u00e1ln\u011b p\u0159izp\u016fsoben specifi\u010dnosti p\u00edsn\u011b se zvl\u00e1\u0161tn\u00edm d\u016frazem na synchronizaci obrazu s rytmem a t\u00f3nem zvuku. Pokro\u010dil\u00e9 sv\u011bteln\u00e9 efekty, neonov\u00e9 barvy, abstraktn\u00ed formy a futuristick\u00e9 motivy dod\u00e1vaj\u00ed vizualizaci modern\u00ed, technologick\u00fd charakter, kter\u00fd dokonale odpov\u00edd\u00e1 stylu hudby Future.<\/span><\/p>\n<p style=\"text-align: justify;\"><span style=\"font-size: 14pt; color: #000000;\">Toto je perfektn\u00ed volba pro um\u011blce, kte\u0159\u00ed se cht\u011bj\u00ed odli\u0161it od ostatn\u00edch a vytvo\u0159it nezapomenuteln\u00fd vizu\u00e1ln\u00ed dojem, kter\u00fd dopln\u00ed jejich hudebn\u00ed sv\u011bt.<\/span><\/p>\n<p><span style=\"color: #000000;\"><strong><span style=\"font-size: 14pt;\"><br \/>\nP\u0158\u00cdKLAD VIZUALIZACE:<\/span><br \/>\n<iframe loading=\"lazy\" title=\"YouTube video player\" src=\"\/\/www.youtube.com\/embed\/EOqP07UpNxI?si=lxs6GC6veut_2Jkv\" width=\"560\" height=\"315\" frameborder=\"0\" allowfullscreen=\"allowfullscreen\"><\/iframe><\/strong><\/span><\/p>\n<p><span style=\"font-size: 12pt; color: #000000;\"><strong>Technick\u00e9 \u00fadaje:<\/strong><\/span><\/p>\n<ul>\n<li><span style=\"font-size: 12pt; color: #000000;\">doba dod\u00e1n\u00ed slu\u017eby z\u00e1vis\u00ed na d\u00e9lce filmu<\/span><\/li>\n<li><span style=\"font-size: 12pt; color: #000000;\">cena slu\u017eby z\u00e1vis\u00ed na d\u00e9lce videa<\/span><\/li>\n<li><span style=\"font-size: 12pt; color: #000000;\">mo\u017en\u00fd po\u010det oprav: 3 <\/span><\/li>\n<li><span style=\"font-size: 12pt; color: #000000;\">Po schv\u00e1len\u00ed je film zasl\u00e1n objednateli<\/span><\/li>\n<\/ul>\n<p><span style=\"font-size: 12pt; color: #000000;\"><strong><br \/>\nTipy pro implementaci videovizualizace:<\/strong><\/span><\/p>\n<ul>\n<li><span style=\"font-size: 12pt; color: #000000;\"><strong>P\u0159\u00edprava hudby<\/strong> \u2013 P\u0159ipravte si hotovou verzi skladby ve form\u00e1tu WAV\/MP3. v nejvy\u0161\u0161\u00ed mo\u017en\u00e9 kvalit\u011b. Ujist\u011bte se, \u017ee se jedn\u00e1 o kone\u010dnou verzi, kterou chcete ve vizualizaci pou\u017e\u00edt. (Pozn\u00e1mka: Hlasitost a kvalitu zvuku neupravuji. Mix a Mastering skladby lze objednat v samostatn\u00e9 slu\u017eb\u011b).<\/span><\/li>\n<li><span style=\"font-size: 12pt; color: #000000;\"><strong>P\u0159\u00edprava vizu\u00e1ln\u00edch materi\u00e1l\u016f<\/strong> \u2013 P\u0159ipravte v\u0161echny materi\u00e1ly, kter\u00e9 budou sou\u010d\u00e1st\u00ed vizualizace\/videa. P\u0159ipravte si fotografie, videa nebo jin\u00e9 prvky, ze kter\u00fdch se m\u00e1 film sest\u0159\u00edhat. P\u0159ed zah\u00e1jen\u00edm pr\u00e1ce mi dejte v\u0161echny prvky.<\/span><\/li>\n<li><span style=\"font-size: 12pt; color: #000000;\"><strong>Form\u00e1t a rozli\u0161en\u00ed<\/strong> \u2013 zadejte preferovan\u00fd form\u00e1t (MP4, MOV), rozli\u0161en\u00ed (1080p, 4K) a pom\u011br stran (16:9, 9:16)<\/span><\/li>\n<li><span style=\"font-size: 12pt; color: #000000;\"><strong>Materi\u00e1l pro film &#8211; <\/strong><\/span><\/li>\n<li><span style=\"font-size: 12pt; color: #000000;\"><strong>Dal\u0161\u00ed prvky <\/strong>\u2013 Pokud chcete, aby se ve videu objevily titulky, texty, loga nebo jak\u00e9koli jin\u00e9 grafick\u00e9 prvky, poskytn\u011bte je na za\u010d\u00e1tku spolupr\u00e1ce ve vhodn\u00fdch form\u00e1tech (nap\u0159. PNG, JPEG) a p\u0159esn\u011b popi\u0161te, kde a kdy se maj\u00ed objevit.<\/span><\/li>\n<li><span style=\"font-size: 12pt; color: #000000;\"><strong>Obecn\u00e9 pozn\u00e1mky<\/strong> \u2013 Pokud m\u00e1te n\u011bjak\u00e1 konkr\u00e9tn\u00ed o\u010dek\u00e1v\u00e1n\u00ed ohledn\u011b tempa st\u0159ihu, celkov\u00e9ho dojmu z videa nebo jin\u00fdch detail\u016f, dejte mi pros\u00edm v\u011bd\u011bt na za\u010d\u00e1tku, abychom mohli vytvo\u0159it vizualizaci, kter\u00e1 bude nejl\u00e9pe odpov\u00eddat va\u0161\u00ed hudb\u011b.<\/span><\/li>\n<\/ul>\n<p>&nbsp;<\/p>\n<p>&nbsp;<\/p>\n<p>&nbsp;<\/p>\n","protected":false},"excerpt":{"rendered":"<p>Vizualizace pro hudbu ve stylu FUTURE Prom\u011b\u0148te svou hudbu v nezapomenutelnou vizu\u00e1ln\u00ed cestu! Tato slu\u017eba zahrnuje vytvo\u0159en\u00ed futuristick\u00e9 vizualizace, kter\u00e1 dokonale odpov\u00edd\u00e1 charakteru va\u0161eho d\u00edla. D\u00edky<span class=\"excerpt-hellip\"> [\u2026]<\/span><\/p>\n","protected":false},"featured_media":1481,"template":"","meta":[],"product_brand":[],"product_cat":[243,262],"product_tag":[],"class_list":{"0":"post-1499","1":"product","2":"type-product","3":"status-publish","4":"has-post-thumbnail","6":"product_cat-sluzby","7":"product_cat-vizualizace-video","9":"first","10":"instock","11":"shipping-taxable","12":"purchasable","13":"product-type-variable"},"_links":{"self":[{"href":"https:\/\/remistaniek.com\/cs\/wp-json\/wp\/v2\/product\/1499","targetHints":{"allow":["GET"]}}],"collection":[{"href":"https:\/\/remistaniek.com\/cs\/wp-json\/wp\/v2\/product"}],"about":[{"href":"https:\/\/remistaniek.com\/cs\/wp-json\/wp\/v2\/types\/product"}],"wp:featuredmedia":[{"embeddable":true,"href":"https:\/\/remistaniek.com\/cs\/wp-json\/wp\/v2\/media\/1481"}],"wp:attachment":[{"href":"https:\/\/remistaniek.com\/cs\/wp-json\/wp\/v2\/media?parent=1499"}],"wp:term":[{"taxonomy":"product_brand","embeddable":true,"href":"https:\/\/remistaniek.com\/cs\/wp-json\/wp\/v2\/product_brand?post=1499"},{"taxonomy":"product_cat","embeddable":true,"href":"https:\/\/remistaniek.com\/cs\/wp-json\/wp\/v2\/product_cat?post=1499"},{"taxonomy":"product_tag","embeddable":true,"href":"https:\/\/remistaniek.com\/cs\/wp-json\/wp\/v2\/product_tag?post=1499"}],"curies":[{"name":"wp","href":"https:\/\/api.w.org\/{rel}","templated":true}]}}