{"id":928,"date":"2024-05-10T11:28:06","date_gmt":"2024-05-10T09:28:06","guid":{"rendered":"https:\/\/remistaniek.com\/produkt\/rs-polstar\/"},"modified":"2024-06-21T18:58:49","modified_gmt":"2024-06-21T16:58:49","slug":"rs-polstar","status":"publish","type":"product","link":"https:\/\/remistaniek.com\/cs\/produkt\/rs-polstar\/","title":{"rendered":"RS POL\u0160T\u00c1\u0158"},"content":{"rendered":"<p><strong>Z\u00c1KLADN\u00cd INFORMACE:<\/strong><\/p>\n<ul>\n<li data-sider-select-id=\"f753af48-5bb4-4a98-af94-f1f94fa33e8f\">Rozm\u011bry 40 x 40 cm<\/li>\n<li>100% polyester<\/li>\n<li>Um\u011bl\u00e1 v\u00fdpl\u0148<\/li>\n<li>V\u0161it\u00fd zip usnad\u0148uje pran\u00ed povlaku na pol\u0161t\u00e1\u0159 a pol\u0161t\u00e1\u0159e.<\/li>\n<\/ul>\n","protected":false},"excerpt":{"rendered":"<h3>Nov\u00fd pol\u0161t\u00e1\u0159 z kolekce REMI STANIEK \u2013 Pohodl\u00ed a styl v jednom!<\/h3>\n<p><strong>P\u0159edstavujeme jedine\u010dn\u00fd pol\u0161t\u00e1\u0159 z kolekce hudebn\u00edho producenta REMI STANIEK!<\/strong><\/p>\n<ol>\n<li style=\"text-align: justify\"><strong>Jedine\u010dn\u00fd design: N\u00e1\u0161 pol\u0161t\u00e1\u0159 m\u00e1 modern\u00ed a elegantn\u00ed vzhled, kter\u00fd dokonale zapadne do ka\u017ed\u00e9ho interi\u00e9ru.<\/strong> Inspirac\u00ed pro jeho vznik byla v\u00e1\u0161e\u0148 pro hudbu a um\u011bn\u00ed, d\u00edky \u010demu\u017e je jedine\u010dn\u00fd.<\/li>\n<li style=\"text-align: justify\"><strong>Vysok\u00e1 kvalita: N\u00e1\u0161 pol\u0161t\u00e1\u0159 je vyroben z nejkvalitn\u011bj\u0161\u00edch materi\u00e1l\u016f a poskytuje v\u00fdjime\u010dn\u00e9 pohodl\u00ed a odolnost.<\/strong> M\u011bkk\u00fd, ale odoln\u00fd &#8211; ide\u00e1ln\u00ed pro ka\u017edodenn\u00ed pou\u017eit\u00ed.<\/li>\n<li style=\"text-align: justify\"><strong>Optim\u00e1ln\u00ed pohodl\u00ed: Ide\u00e1ln\u00ed pro relaxaci po dlouh\u00e9m dni, sledov\u00e1n\u00ed film\u016f, \u010dten\u00ed knih nebo jen tak leno\u0161en\u00ed.<\/strong><\/li>\n<li style=\"text-align: justify\"><strong>Unik\u00e1tn\u00ed kolekce: Tento pol\u0161t\u00e1\u0159 je sou\u010d\u00e1st\u00ed exkluzivn\u00ed kolekce REMI STANIEK, slavn\u00e9ho hudebn\u00edho producenta.<\/strong> To je opravdov\u00e1 lah\u016fdka pro fanou\u0161ky jeho tvorby a milovn\u00edky jedine\u010dn\u00fdch designov\u00fdch p\u0159edm\u011bt\u016f.<\/li>\n<li style=\"text-align: justify\"><strong>Perfektn\u00ed d\u00e1rek: Hled\u00e1te perfektn\u00ed d\u00e1rek pro milovanou osobu?<\/strong> N\u00e1\u0161 pol\u0161t\u00e1\u0159 je perfektn\u00ed volbou pro ka\u017edou p\u0159\u00edle\u017eitost &#8211; narozeniny, sv\u00e1tky nebo jen jako mil\u00e9 gesto. Ka\u017ed\u00fd milovn\u00edk hudby bude nad\u0161en\u00fd!<\/li>\n<\/ol>\n<p style=\"text-align: justify\">Nev\u00e1hejte a objednejte si sv\u016fj nov\u00fd obl\u00edben\u00fd pol\u0161t\u00e1\u0159 je\u0161t\u011b dnes! Dodejte sv\u00e9mu interi\u00e9ru trochu luxusu a jedine\u010dn\u00e9ho stylu s pol\u0161t\u00e1\u0159em z kolekce REMI STANIEK.<\/p>\n<p><strong>Kupte nyn\u00ed a u\u017eijte si pohodl\u00ed a jedine\u010dn\u00fd design!<\/strong><\/p>\n","protected":false},"featured_media":883,"template":"","meta":[],"product_brand":[],"product_cat":[77],"product_tag":[],"class_list":{"0":"post-928","1":"product","2":"type-product","3":"status-publish","4":"has-post-thumbnail","6":"product_cat-prislusenstvi","8":"first","9":"instock","10":"shipping-taxable","11":"purchasable","12":"product-type-variable"},"_links":{"self":[{"href":"https:\/\/remistaniek.com\/cs\/wp-json\/wp\/v2\/product\/928","targetHints":{"allow":["GET"]}}],"collection":[{"href":"https:\/\/remistaniek.com\/cs\/wp-json\/wp\/v2\/product"}],"about":[{"href":"https:\/\/remistaniek.com\/cs\/wp-json\/wp\/v2\/types\/product"}],"wp:featuredmedia":[{"embeddable":true,"href":"https:\/\/remistaniek.com\/cs\/wp-json\/wp\/v2\/media\/883"}],"wp:attachment":[{"href":"https:\/\/remistaniek.com\/cs\/wp-json\/wp\/v2\/media?parent=928"}],"wp:term":[{"taxonomy":"product_brand","embeddable":true,"href":"https:\/\/remistaniek.com\/cs\/wp-json\/wp\/v2\/product_brand?post=928"},{"taxonomy":"product_cat","embeddable":true,"href":"https:\/\/remistaniek.com\/cs\/wp-json\/wp\/v2\/product_cat?post=928"},{"taxonomy":"product_tag","embeddable":true,"href":"https:\/\/remistaniek.com\/cs\/wp-json\/wp\/v2\/product_tag?post=928"}],"curies":[{"name":"wp","href":"https:\/\/api.w.org\/{rel}","templated":true}]}}