{"id":995,"date":"2024-06-21T16:31:28","date_gmt":"2024-06-21T14:31:28","guid":{"rendered":"https:\/\/remistaniek.com\/produkt\/damska-mikina-s-dvojitou-kapuci-ruzne-barvy\/"},"modified":"2024-06-21T16:31:28","modified_gmt":"2024-06-21T14:31:28","slug":"damska-mikina-s-dvojitou-kapuci-ruzne-barvy","status":"publish","type":"product","link":"https:\/\/remistaniek.com\/cs\/produkt\/damska-mikina-s-dvojitou-kapuci-ruzne-barvy\/","title":{"rendered":"D\u00e1msk\u00e1 mikina s dvojitou kapuc\u00ed (r\u016fzn\u00e9 barvy)"},"content":{"rendered":"<p><strong>Z\u00c1KLADN\u00cd INFORMACE<\/strong><\/p>\n<ul>\n<li>80% \u010desan\u00e1 bavlna, 20% polyester,<\/li>\n<li>Dvojit\u00e1 kapuce,<\/li>\n<li>Kryt\u00e9 \u0161vy na ramenou,<\/li>\n<li>Klokan\u00ed kapsa<\/li>\n<li>Man\u017eety na ruk\u00e1vech a ve spodn\u00ed \u010d\u00e1sti mikiny.<\/li>\n<\/ul>\n<p>&nbsp;<\/p>\n","protected":false},"excerpt":{"rendered":"<p>Objevte nov\u00fd rozm\u011br pohodl\u00ed s na\u0161\u00ed klokan\u00ed mikinou!<\/p>\n<ol>\n<li>Bezkonkuren\u010dn\u00ed kvalita: Tato klokan\u00ed mikina je synonymem elegance a odolnosti. Vyrobeno z nejkvalitn\u011bj\u0161\u00edch materi\u00e1l\u016f, spln\u00ed va\u0161e o\u010dek\u00e1v\u00e1n\u00ed a dod\u00e1 ka\u017ed\u00e9mu stylu styl.<\/li>\n<li>Neuv\u011b\u0159iteln\u00e1 m\u011bkkost: Poci\u0165te luxus na sv\u00e9 poko\u017ece d\u00edky ultra m\u011bkk\u00e9mu materi\u00e1lu, kter\u00fd v\u00e1s jemn\u011b obal\u00ed a zah\u0159eje v chladn\u00fdch dnech.<\/li>\n<li>Pohodln\u00fd st\u0159ih: Navr\u017een s ohledem na v\u00e1s, zd\u016frazn\u00ed va\u0161i postavu a z\u00e1rove\u0148 zajist\u00ed plnou svobodu pohybu. Perfektn\u00ed pro ka\u017edodenn\u00ed no\u0161en\u00ed, pro zvl\u00e1\u0161tn\u00ed p\u0159\u00edle\u017eitosti, stejn\u011b jako pro fyzickou aktivitu a proch\u00e1zky venku.<\/li>\n<\/ol>\n<p>Ne\u010dekejte! P\u0159idejte se ke skupin\u011b spokojen\u00fdch z\u00e1kazn\u00edk\u016f a poci\u0165te rozd\u00edl je\u0161t\u011b dnes.<\/p>\n<p>Kupte nyn\u00ed a u\u017eijte si pohodl\u00ed a styl, kter\u00fd si zaslou\u017e\u00edte!<\/p>\n","protected":false},"featured_media":978,"template":"","meta":[],"product_brand":[],"product_cat":[76],"product_tag":[116,117],"class_list":{"0":"post-995","1":"product","2":"type-product","3":"status-publish","4":"has-post-thumbnail","6":"product_cat-obleceni","7":"product_tag-klokani-mikina","8":"product_tag-mikina","10":"first","11":"instock","12":"shipping-taxable","13":"purchasable","14":"product-type-variable"},"_links":{"self":[{"href":"https:\/\/remistaniek.com\/cs\/wp-json\/wp\/v2\/product\/995","targetHints":{"allow":["GET"]}}],"collection":[{"href":"https:\/\/remistaniek.com\/cs\/wp-json\/wp\/v2\/product"}],"about":[{"href":"https:\/\/remistaniek.com\/cs\/wp-json\/wp\/v2\/types\/product"}],"wp:featuredmedia":[{"embeddable":true,"href":"https:\/\/remistaniek.com\/cs\/wp-json\/wp\/v2\/media\/978"}],"wp:attachment":[{"href":"https:\/\/remistaniek.com\/cs\/wp-json\/wp\/v2\/media?parent=995"}],"wp:term":[{"taxonomy":"product_brand","embeddable":true,"href":"https:\/\/remistaniek.com\/cs\/wp-json\/wp\/v2\/product_brand?post=995"},{"taxonomy":"product_cat","embeddable":true,"href":"https:\/\/remistaniek.com\/cs\/wp-json\/wp\/v2\/product_cat?post=995"},{"taxonomy":"product_tag","embeddable":true,"href":"https:\/\/remistaniek.com\/cs\/wp-json\/wp\/v2\/product_tag?post=995"}],"curies":[{"name":"wp","href":"https:\/\/api.w.org\/{rel}","templated":true}]}}