{"id":724,"date":"2024-04-25T13:09:38","date_gmt":"2024-04-25T11:09:38","guid":{"rendered":"https:\/\/remistaniek.com\/einkaufswagen\/"},"modified":"2024-05-16T10:34:05","modified_gmt":"2024-05-16T08:34:05","slug":"einkaufswagen","status":"publish","type":"page","link":"https:\/\/remistaniek.com\/de\/einkaufswagen\/","title":{"rendered":"Einkaufswagen"},"content":{"rendered":"\n<div data-block-name=\"woocommerce\/cart\" class=\"wp-block-woocommerce-cart alignwide is-loading\">\n<div data-block-name=\"woocommerce\/filled-cart-block\" class=\"wp-block-woocommerce-filled-cart-block\">\n<div data-block-name=\"woocommerce\/cart-items-block\" class=\"wp-block-woocommerce-cart-items-block\">\n<div data-block-name=\"woocommerce\/cart-line-items-block\" class=\"wp-block-woocommerce-cart-line-items-block\"><\/div>\n\n\n\n<div data-block-name=\"woocommerce\/cart-cross-sells-block\" class=\"wp-block-woocommerce-cart-cross-sells-block\">\n<h2 class=\"wp-block-heading has-large-font-size\">Zobacz inne r\u00f3wnie interesuj\u0105ce\u2026<\/h2>\n\n\n\n<div data-block-name=\"woocommerce\/cart-cross-sells-products-block\" class=\"wp-block-woocommerce-cart-cross-sells-products-block\"><\/div>\n<\/div>\n<\/div>\n\n\n\n<div data-block-name=\"woocommerce\/cart-totals-block\" class=\"wp-block-woocommerce-cart-totals-block\">\n<div data-block-name=\"woocommerce\/cart-order-summary-block\" class=\"wp-block-woocommerce-cart-order-summary-block\">\n<div data-block-name=\"woocommerce\/cart-order-summary-heading-block\" class=\"wp-block-woocommerce-cart-order-summary-heading-block\"><\/div><div data-block-name=\"woocommerce\/cart-order-summary-coupon-form-block\" class=\"wp-block-woocommerce-cart-order-summary-coupon-form-block\"><\/div><div data-block-name=\"woocommerce\/cart-order-summary-totals-block\" class=\"wp-block-woocommerce-cart-order-summary-totals-block\">\n<div data-block-name=\"woocommerce\/cart-order-summary-subtotal-block\" class=\"wp-block-woocommerce-cart-order-summary-subtotal-block\"><\/div>\n<div data-block-name=\"woocommerce\/cart-order-summary-discount-block\" class=\"wp-block-woocommerce-cart-order-summary-discount-block\"><\/div>\n<div data-block-name=\"woocommerce\/cart-order-summary-fee-block\" class=\"wp-block-woocommerce-cart-order-summary-fee-block\"><\/div>\n<div data-block-name=\"woocommerce\/cart-order-summary-shipping-block\" class=\"wp-block-woocommerce-cart-order-summary-shipping-block\"><\/div>\n<div data-block-name=\"woocommerce\/cart-order-summary-taxes-block\" class=\"wp-block-woocommerce-cart-order-summary-taxes-block\"><\/div><\/div>\n<\/div>\n\n\n\n<div data-block-name=\"woocommerce\/cart-express-payment-block\" class=\"wp-block-woocommerce-cart-express-payment-block\"><\/div>\n\n\n\n<div data-block-name=\"woocommerce\/proceed-to-checkout-block\" class=\"wp-block-woocommerce-proceed-to-checkout-block\"><\/div>\n\n\n\n<div data-block-name=\"woocommerce\/cart-accepted-payment-methods-block\" class=\"wp-block-woocommerce-cart-accepted-payment-methods-block\"><\/div>\n<\/div>\n<\/div>\n\n\n\n<div data-block-name=\"woocommerce\/empty-cart-block\" class=\"wp-block-woocommerce-empty-cart-block\">\n<h2 class=\"wp-block-heading has-text-align-center with-empty-cart-icon wc-block-cart__empty-cart__title\">Tw\u00f3j koszyk jest obecnie pusty!<\/h2>\n\n\n\n<hr class=\"wp-block-separator has-alpha-channel-opacity is-style-dots\"\/>\n\n\n\n<h2 class=\"wp-block-heading has-text-align-center\">Nowe w sklepie<\/h2>\n\n\n<div data-block-name=\"woocommerce\/product-new\" data-columns=\"4\" data-rows=\"1\" class=\"wc-block-grid wp-block-product-new wp-block-woocommerce-product-new wc-block-product-new has-4-columns\"><ul class=\"wc-block-grid__products\"><li class=\"wc-block-grid__product\">\n\t\t\t\t<a href=\"https:\/\/remistaniek.com\/de\/produkt\/music-video-future-style\/\" class=\"wc-block-grid__product-link\">\n\t\t\t\t\t\n\t\t\t\t\t<div class=\"wc-block-grid__product-image\"><img loading=\"lazy\" decoding=\"async\" width=\"300\" height=\"168\" src=\"https:\/\/remistaniek.com\/wp-content\/uploads\/2024\/12\/3d-rendered-photo-beautiful-street-art-design-300x168.jpg\" class=\"attachment-woocommerce_thumbnail size-woocommerce_thumbnail\" alt=\"&quot;Nowoczesna produkcja wideo z dynamiczn\u0105 kompozycj\u0105 wizualn\u0105, eleganckimi efektami i estetycznym wyko\u0144czeniem, idealna do profesjonalnych projekt\u00f3w multimedialnych.\" srcset=\"https:\/\/remistaniek.com\/wp-content\/uploads\/2024\/12\/3d-rendered-photo-beautiful-street-art-design-300x168.jpg 300w, https:\/\/remistaniek.com\/wp-content\/uploads\/2024\/12\/3d-rendered-photo-beautiful-street-art-design-500x280.jpg 500w, https:\/\/remistaniek.com\/wp-content\/uploads\/2024\/12\/3d-rendered-photo-beautiful-street-art-design-1784x1000.jpg 1784w, https:\/\/remistaniek.com\/wp-content\/uploads\/2024\/12\/3d-rendered-photo-beautiful-street-art-design-768x430.jpg 768w, https:\/\/remistaniek.com\/wp-content\/uploads\/2024\/12\/3d-rendered-photo-beautiful-street-art-design-1536x861.jpg 1536w, https:\/\/remistaniek.com\/wp-content\/uploads\/2024\/12\/3d-rendered-photo-beautiful-street-art-design-134x75.jpg 134w, https:\/\/remistaniek.com\/wp-content\/uploads\/2024\/12\/3d-rendered-photo-beautiful-street-art-design-480x269.jpg 480w, https:\/\/remistaniek.com\/wp-content\/uploads\/2024\/12\/3d-rendered-photo-beautiful-street-art-design-600x336.jpg 600w, https:\/\/remistaniek.com\/wp-content\/uploads\/2024\/12\/3d-rendered-photo-beautiful-street-art-design.jpg 2000w\" sizes=\"auto, (max-width:767px) 300px, 300px\" \/><\/div>\n\t\t\t\t\t<div class=\"wc-block-grid__product-title\">MUSIC VIDEO &#8211; FUTURE STYLE<\/div>\n\t\t\t\t<\/a>\n\t\t\t\t<div class=\"wc-block-grid__product-price price\"><span class=\"woocommerce-Price-amount amount\" aria-hidden=\"true\"><span class=\"woocommerce-Price-currencySymbol\">&euro;<\/span>87.40<\/span> <span aria-hidden=\"true\"> \u2013 <\/span> <span class=\"woocommerce-Price-amount amount\" aria-hidden=\"true\"><span class=\"woocommerce-Price-currencySymbol\">&euro;<\/span>181.70<\/span><span class=\"screen-reader-text\">Preisspanne: &euro;87.40 bis &euro;181.70<\/span><\/div>\n\t\t\t\t\n\t\t\t\t<div class=\"wp-block-button wc-block-grid__product-add-to-cart\"><a href=\"https:\/\/remistaniek.com\/de\/produkt\/music-video-future-style\/\" aria-label=\"W\u00e4hle Optionen f\u00fcr \u201eMUSIC VIDEO - FUTURE STYLE\u201c\" data-quantity=\"1\" data-product_id=\"1511\" data-product_sku=\"\" data-price=\"87.4\" rel=\"nofollow\" class=\"wp-block-button__link  add_to_cart_button\">Ausf\u00fchrung w\u00e4hlen<\/a><\/div>\n\t\t\t<\/li><li class=\"wc-block-grid__product\">\n\t\t\t\t<a href=\"https:\/\/remistaniek.com\/de\/produkt\/mastering\/\" class=\"wc-block-grid__product-link\">\n\t\t\t\t\t\n\t\t\t\t\t<div class=\"wc-block-grid__product-image\"><img loading=\"lazy\" decoding=\"async\" width=\"300\" height=\"300\" src=\"https:\/\/remistaniek.com\/wp-content\/uploads\/2024\/11\/MASTERING-300x300.jpg\" class=\"attachment-woocommerce_thumbnail size-woocommerce_thumbnail\" alt=\"MASTERING\" srcset=\"https:\/\/remistaniek.com\/wp-content\/uploads\/2024\/11\/MASTERING-300x300.jpg 300w, https:\/\/remistaniek.com\/wp-content\/uploads\/2024\/11\/MASTERING-500x500.jpg 500w, https:\/\/remistaniek.com\/wp-content\/uploads\/2024\/11\/MASTERING-150x150.jpg 150w, https:\/\/remistaniek.com\/wp-content\/uploads\/2024\/11\/MASTERING-75x75.jpg 75w, https:\/\/remistaniek.com\/wp-content\/uploads\/2024\/11\/MASTERING-480x480.jpg 480w, https:\/\/remistaniek.com\/wp-content\/uploads\/2024\/11\/MASTERING.jpg 504w\" sizes=\"auto, (max-width:767px) 300px, 300px\" \/><\/div>\n\t\t\t\t\t<div class=\"wc-block-grid__product-title\">MASTERING<\/div>\n\t\t\t\t<\/a>\n\t\t\t\t<div class=\"wc-block-grid__product-price price\"><span class=\"woocommerce-Price-amount amount\"><span class=\"woocommerce-Price-currencySymbol\">&euro;<\/span>41.40<\/span><\/div>\n\t\t\t\t\n\t\t\t\t<div class=\"wp-block-button wc-block-grid__product-add-to-cart\"><a href=\"\/de\/wp-json\/wp\/v2\/pages\/724?add-to-cart=1371\" aria-label=\"In den Warenkorb legen: \u201eMASTERING\u201c\" data-quantity=\"1\" data-product_id=\"1371\" data-product_sku=\"\" data-price=\"41.4\" rel=\"nofollow\" class=\"wp-block-button__link  add_to_cart_button ajax_add_to_cart\">In den Warenkorb<\/a><\/div>\n\t\t\t<\/li><li class=\"wc-block-grid__product\">\n\t\t\t\t<a href=\"https:\/\/remistaniek.com\/de\/produkt\/mix-und-mastering-more-tracks\/\" class=\"wc-block-grid__product-link\">\n\t\t\t\t\t\n\t\t\t\t\t<div class=\"wc-block-grid__product-image\"><img loading=\"lazy\" decoding=\"async\" width=\"300\" height=\"300\" src=\"https:\/\/remistaniek.com\/wp-content\/uploads\/2024\/11\/MIKS-MASTERING-more-300x300.jpg\" class=\"attachment-woocommerce_thumbnail size-woocommerce_thumbnail\" alt=\"Mix und Mastering (MORE TRACKS)\" srcset=\"https:\/\/remistaniek.com\/wp-content\/uploads\/2024\/11\/MIKS-MASTERING-more-300x300.jpg 300w, https:\/\/remistaniek.com\/wp-content\/uploads\/2024\/11\/MIKS-MASTERING-more-500x500.jpg 500w, https:\/\/remistaniek.com\/wp-content\/uploads\/2024\/11\/MIKS-MASTERING-more-150x150.jpg 150w, https:\/\/remistaniek.com\/wp-content\/uploads\/2024\/11\/MIKS-MASTERING-more-75x75.jpg 75w, https:\/\/remistaniek.com\/wp-content\/uploads\/2024\/11\/MIKS-MASTERING-more-480x480.jpg 480w, https:\/\/remistaniek.com\/wp-content\/uploads\/2024\/11\/MIKS-MASTERING-more.jpg 504w\" sizes=\"auto, (max-width:767px) 300px, 300px\" \/><\/div>\n\t\t\t\t\t<div class=\"wc-block-grid__product-title\">Mix und Mastering (MORE TRACKS)<\/div>\n\t\t\t\t<\/a>\n\t\t\t\t<div class=\"wc-block-grid__product-price price\"><span class=\"woocommerce-Price-amount amount\" aria-hidden=\"true\"><span class=\"woocommerce-Price-currencySymbol\">&euro;<\/span>115.00<\/span> <span aria-hidden=\"true\"> \u2013 <\/span> <span class=\"woocommerce-Price-amount amount\" aria-hidden=\"true\"><span class=\"woocommerce-Price-currencySymbol\">&euro;<\/span>161.00<\/span><span class=\"screen-reader-text\">Preisspanne: &euro;115.00 bis &euro;161.00<\/span><\/div>\n\t\t\t\t\n\t\t\t\t<div class=\"wp-block-button wc-block-grid__product-add-to-cart\"><a href=\"https:\/\/remistaniek.com\/de\/produkt\/mix-und-mastering-more-tracks\/\" aria-label=\"W\u00e4hle Optionen f\u00fcr \u201eMix und Mastering (MORE TRACKS)\u201c\" data-quantity=\"1\" data-product_id=\"1381\" data-product_sku=\"\" data-price=\"115\" rel=\"nofollow\" class=\"wp-block-button__link  add_to_cart_button\">Ausf\u00fchrung w\u00e4hlen<\/a><\/div>\n\t\t\t<\/li><li class=\"wc-block-grid__product\">\n\t\t\t\t<a href=\"https:\/\/remistaniek.com\/de\/produkt\/mix-und-mastering-2-tracks\/\" class=\"wc-block-grid__product-link\">\n\t\t\t\t\t\n\t\t\t\t\t<div class=\"wc-block-grid__product-image\"><img loading=\"lazy\" decoding=\"async\" width=\"300\" height=\"300\" src=\"https:\/\/remistaniek.com\/wp-content\/uploads\/2024\/11\/MIKS-MASTERING-300x300.jpg\" class=\"attachment-woocommerce_thumbnail size-woocommerce_thumbnail\" alt=\"Mix und Mastering (2 Tracks)\" srcset=\"https:\/\/remistaniek.com\/wp-content\/uploads\/2024\/11\/MIKS-MASTERING-300x300.jpg 300w, https:\/\/remistaniek.com\/wp-content\/uploads\/2024\/11\/MIKS-MASTERING-500x500.jpg 500w, https:\/\/remistaniek.com\/wp-content\/uploads\/2024\/11\/MIKS-MASTERING-150x150.jpg 150w, https:\/\/remistaniek.com\/wp-content\/uploads\/2024\/11\/MIKS-MASTERING-75x75.jpg 75w, https:\/\/remistaniek.com\/wp-content\/uploads\/2024\/11\/MIKS-MASTERING-480x480.jpg 480w, https:\/\/remistaniek.com\/wp-content\/uploads\/2024\/11\/MIKS-MASTERING.jpg 504w\" sizes=\"auto, (max-width:767px) 300px, 300px\" \/><\/div>\n\t\t\t\t\t<div class=\"wc-block-grid__product-title\">Mix und Mastering (2 Tracks)<\/div>\n\t\t\t\t<\/a>\n\t\t\t\t<div class=\"wc-block-grid__product-price price\"><span class=\"woocommerce-Price-amount amount\"><span class=\"woocommerce-Price-currencySymbol\">&euro;<\/span>23.00<\/span><\/div>\n\t\t\t\t\n\t\t\t\t<div class=\"wp-block-button wc-block-grid__product-add-to-cart\"><a href=\"\/de\/wp-json\/wp\/v2\/pages\/724?add-to-cart=1387\" aria-label=\"In den Warenkorb legen: \u201eMix und Mastering (2 Tracks)\u201c\" data-quantity=\"1\" data-product_id=\"1387\" data-product_sku=\"\" data-price=\"23\" rel=\"nofollow\" class=\"wp-block-button__link  add_to_cart_button ajax_add_to_cart\">In den Warenkorb<\/a><\/div>\n\t\t\t<\/li><\/ul><\/div><\/div>\n<\/div>\n","protected":false},"excerpt":{"rendered":"","protected":false},"author":3,"featured_media":0,"parent":0,"menu_order":0,"comment_status":"closed","ping_status":"closed","template":"","meta":{"footnotes":""},"class_list":["post-724","page","type-page","status-publish","hentry"],"_links":{"self":[{"href":"https:\/\/remistaniek.com\/de\/wp-json\/wp\/v2\/pages\/724","targetHints":{"allow":["GET"]}}],"collection":[{"href":"https:\/\/remistaniek.com\/de\/wp-json\/wp\/v2\/pages"}],"about":[{"href":"https:\/\/remistaniek.com\/de\/wp-json\/wp\/v2\/types\/page"}],"author":[{"embeddable":true,"href":"https:\/\/remistaniek.com\/de\/wp-json\/wp\/v2\/users\/3"}],"replies":[{"embeddable":true,"href":"https:\/\/remistaniek.com\/de\/wp-json\/wp\/v2\/comments?post=724"}],"version-history":[{"count":0,"href":"https:\/\/remistaniek.com\/de\/wp-json\/wp\/v2\/pages\/724\/revisions"}],"wp:attachment":[{"href":"https:\/\/remistaniek.com\/de\/wp-json\/wp\/v2\/media?parent=724"}],"curies":[{"name":"wp","href":"https:\/\/api.w.org\/{rel}","templated":true}]}}