{"id":1009,"date":"2024-06-21T16:31:28","date_gmt":"2024-06-21T14:31:28","guid":{"rendered":"https:\/\/remistaniek.com\/produkt\/damen-sweatshirt-mit-doppelter-kapuze-verschiedene-farben\/"},"modified":"2024-06-21T16:31:28","modified_gmt":"2024-06-21T14:31:28","slug":"damen-sweatshirt-mit-doppelter-kapuze-verschiedene-farben","status":"publish","type":"product","link":"https:\/\/remistaniek.com\/de\/produkt\/damen-sweatshirt-mit-doppelter-kapuze-verschiedene-farben\/","title":{"rendered":"Damen-Sweatshirt mit doppelter Kapuze (verschiedene Farben)"},"content":{"rendered":"<p><strong>GRUNDINFORMATION:<\/strong><\/p>\n<ul>\n<li>80 % gek\u00e4mmte Baumwolle, 20 % Polyester,<\/li>\n<li>Doppelhaube,<\/li>\n<li>Verdeckte N\u00e4hte an den Schultern,<\/li>\n<li>K\u00e4ngurutasche<\/li>\n<li>B\u00fcndchen an den \u00c4rmeln und unten am Sweatshirt.<\/li>\n<\/ul>\n<p>&nbsp;<\/p>\n","protected":false},"excerpt":{"rendered":"<p>Entdecken Sie eine neue Dimension des Komforts mit unserem K\u00e4nguru-Sweatshirt!<\/p>\n<ol>\n<li>Un\u00fcbertroffene Qualit\u00e4t: Dieses K\u00e4nguru-Sweatshirt steht f\u00fcr Eleganz und Haltbarkeit. Hergestellt aus Materialien h\u00f6chster Qualit\u00e4t, wird es Ihre Erwartungen erf\u00fcllen und jedem Styling Klasse verleihen.<\/li>\n<li>Unglaubliche Weichheit: Sp\u00fcren Sie den Luxus auf Ihrer Haut dank des ultraweichen Materials, das Sie sanft umh\u00fcllt und Sie an kalten Tagen warm h\u00e4lt.<\/li>\n<li>Bequemer Schnitt: Speziell f\u00fcr Sie entworfen, betont er Ihre Figur und sorgt gleichzeitig f\u00fcr volle Bewegungsfreiheit. Perfekt f\u00fcr den Alltag, f\u00fcr besondere Anl\u00e4sse sowie f\u00fcr k\u00f6rperliche Aktivit\u00e4t und Spazierg\u00e4nge im Freien.<\/li>\n<\/ol>\n<p>Warten Sie nicht! Treten Sie der Gruppe zufriedener Kunden bei und sp\u00fcren Sie noch heute den Unterschied.<\/p>\n<p>Kaufen Sie jetzt und genie\u00dfen Sie den Komfort und Stil, den Sie verdienen!<\/p>\n","protected":false},"featured_media":980,"template":"","meta":[],"product_brand":[],"product_cat":[82],"product_tag":[140,141],"class_list":{"0":"post-1009","1":"product","2":"type-product","3":"status-publish","4":"has-post-thumbnail","6":"product_cat-kleidung","7":"product_tag-kanguru-sweatshirt","8":"product_tag-kapuzenpullover","10":"first","11":"instock","12":"shipping-taxable","13":"purchasable","14":"product-type-variable"},"_links":{"self":[{"href":"https:\/\/remistaniek.com\/de\/wp-json\/wp\/v2\/product\/1009","targetHints":{"allow":["GET"]}}],"collection":[{"href":"https:\/\/remistaniek.com\/de\/wp-json\/wp\/v2\/product"}],"about":[{"href":"https:\/\/remistaniek.com\/de\/wp-json\/wp\/v2\/types\/product"}],"wp:featuredmedia":[{"embeddable":true,"href":"https:\/\/remistaniek.com\/de\/wp-json\/wp\/v2\/media\/980"}],"wp:attachment":[{"href":"https:\/\/remistaniek.com\/de\/wp-json\/wp\/v2\/media?parent=1009"}],"wp:term":[{"taxonomy":"product_brand","embeddable":true,"href":"https:\/\/remistaniek.com\/de\/wp-json\/wp\/v2\/product_brand?post=1009"},{"taxonomy":"product_cat","embeddable":true,"href":"https:\/\/remistaniek.com\/de\/wp-json\/wp\/v2\/product_cat?post=1009"},{"taxonomy":"product_tag","embeddable":true,"href":"https:\/\/remistaniek.com\/de\/wp-json\/wp\/v2\/product_tag?post=1009"}],"curies":[{"name":"wp","href":"https:\/\/api.w.org\/{rel}","templated":true}]}}