{"id":1027,"date":"2024-06-21T15:48:09","date_gmt":"2024-06-21T13:48:09","guid":{"rendered":"https:\/\/remistaniek.com\/produkt\/herren-sweatshirt-mit-doppelter-kapuze-verschiedene-farben\/"},"modified":"2024-06-21T15:48:09","modified_gmt":"2024-06-21T13:48:09","slug":"herren-sweatshirt-mit-doppelter-kapuze-verschiedene-farben","status":"publish","type":"product","link":"https:\/\/remistaniek.com\/de\/produkt\/herren-sweatshirt-mit-doppelter-kapuze-verschiedene-farben\/","title":{"rendered":"Herren-Sweatshirt mit doppelter Kapuze (verschiedene Farben)"},"content":{"rendered":"<p><strong>GRUNDINFORMATION:<\/strong><\/p>\n<ul>\n<li>80 % gek\u00e4mmte Baumwolle, 20 % Polyester,<\/li>\n<li>Doppelhaube,<\/li>\n<li>Verdeckte N\u00e4hte an den Schultern,<\/li>\n<li>K\u00e4ngurutasche<\/li>\n<li>B\u00fcndchen an den \u00c4rmeln und unten am Sweatshirt.<\/li>\n<\/ul>\n","protected":false},"excerpt":{"rendered":"<p><strong>Entdecken Sie Komfort und Stil mit unserer neuen Kollektion von K\u00e4nguru-Sweatshirts f\u00fcr Herren!<\/strong><\/p>\n<ol>\n<li style=\"text-align: justify\"><strong>Eleganz und Funktionalit\u00e4t: Unsere K\u00e4nguru-Sweatshirts kombinieren modernes Design mit Funktionalit\u00e4t.<\/strong> Sie bestehen aus hochwertigen Materialien und sorgen den ganzen Tag \u00fcber f\u00fcr Tragekomfort.<\/li>\n<li style=\"text-align: justify\"><strong>Vielseitigkeit: Perfekt f\u00fcr jeden Anlass \u2013 vom t\u00e4glichen Spaziergang \u00fcber das Training bis hin zu Wochenendausfl\u00fcgen mit Freunden.<\/strong> Unsere Sweatshirts sind unabh\u00e4ngig von der Situation eine gute Wahl.<\/li>\n<li style=\"text-align: justify\"><strong>K\u00e4nguru-Tasche: In der praktischen und stilvollen Vordertasche k\u00f6nnen Sie wichtige Gegenst\u00e4nde verstauen oder an k\u00e4lteren Tagen Ihre H\u00e4nde w\u00e4rmen.<\/strong><\/li>\n<li style=\"text-align: justify\"><strong>Stilvolle Farben: Unsere Kollektion umfasst Sweatshirts in modischen Farben, darunter klassisches Graphit, das perfekt zu jedem Styling passt.<\/strong><\/li>\n<li style=\"text-align: justify\"><strong>Haltbarkeit: Unsere Sweatshirts bestehen aus strapazierf\u00e4higen Materialien, die auch nach vielen W\u00e4schen ihre Form und Farbe behalten.<\/strong><\/li>\n<\/ol>\n<p style=\"text-align: justify\">Lassen Sie sich die Gelegenheit nicht entgehen und schlie\u00dfen Sie sich noch heute dem Kreis zufriedener Kunden an! Schauen Sie sich unsere Kollektion an K\u00e4nguru-Sweatshirts f\u00fcr Herren an und w\u00e4hlen Sie Ihr Lieblingsmodell!<\/p>\n<p><strong>Kaufen Sie jetzt und genie\u00dfen Sie au\u00dfergew\u00f6hnlichen Komfort und Stil!<\/strong><\/p>\n","protected":false},"featured_media":771,"template":"","meta":[],"product_brand":[],"product_cat":[82],"product_tag":[140,141],"class_list":{"0":"post-1027","1":"product","2":"type-product","3":"status-publish","4":"has-post-thumbnail","6":"product_cat-kleidung","7":"product_tag-kanguru-sweatshirt","8":"product_tag-kapuzenpullover","10":"first","11":"instock","12":"shipping-taxable","13":"purchasable","14":"product-type-variable"},"_links":{"self":[{"href":"https:\/\/remistaniek.com\/de\/wp-json\/wp\/v2\/product\/1027","targetHints":{"allow":["GET"]}}],"collection":[{"href":"https:\/\/remistaniek.com\/de\/wp-json\/wp\/v2\/product"}],"about":[{"href":"https:\/\/remistaniek.com\/de\/wp-json\/wp\/v2\/types\/product"}],"wp:featuredmedia":[{"embeddable":true,"href":"https:\/\/remistaniek.com\/de\/wp-json\/wp\/v2\/media\/771"}],"wp:attachment":[{"href":"https:\/\/remistaniek.com\/de\/wp-json\/wp\/v2\/media?parent=1027"}],"wp:term":[{"taxonomy":"product_brand","embeddable":true,"href":"https:\/\/remistaniek.com\/de\/wp-json\/wp\/v2\/product_brand?post=1027"},{"taxonomy":"product_cat","embeddable":true,"href":"https:\/\/remistaniek.com\/de\/wp-json\/wp\/v2\/product_cat?post=1027"},{"taxonomy":"product_tag","embeddable":true,"href":"https:\/\/remistaniek.com\/de\/wp-json\/wp\/v2\/product_tag?post=1027"}],"curies":[{"name":"wp","href":"https:\/\/api.w.org\/{rel}","templated":true}]}}