{"id":1032,"date":"2024-05-10T11:28:06","date_gmt":"2024-05-10T09:28:06","guid":{"rendered":"https:\/\/remistaniek.com\/produkt\/rs-kissen\/"},"modified":"2024-05-10T11:28:06","modified_gmt":"2024-05-10T09:28:06","slug":"rs-kissen","status":"publish","type":"product","link":"https:\/\/remistaniek.com\/de\/produkt\/rs-kissen\/","title":{"rendered":"RS-KISSEN"},"content":{"rendered":"<p><strong>GRUNDINFORMATION:<\/strong><\/p>\n<ul>\n<li data-sider-select-id=\"f753af48-5bb4-4a98-af94-f1f94fa33e8f\">Abmessungen 40x40cm<\/li>\n<li>100% Polyester<\/li>\n<li>K\u00fcnstliche F\u00fcllung<\/li>\n<li>Der eingen\u00e4hte Rei\u00dfverschluss erleichtert das Waschen des Kissenbezugs und des Kissenbezugs<\/li>\n<\/ul>\n","protected":false},"excerpt":{"rendered":"<h3>Neues Kissen aus der REMI STANIEK-Kollektion \u2013 Komfort und Stil in einem!<\/h3>\n<p><strong>Wir pr\u00e4sentieren ein einzigartiges Kissen aus der Kollektion des Musikproduzenten REMI STANIEK!<\/strong><\/p>\n<ol>\n<li style=\"text-align: justify\"><strong>Einzigartiges Design: Unser Kissen hat ein modernes und elegantes Aussehen, das perfekt in jede Inneneinrichtung passt.<\/strong> Die Inspiration f\u00fcr seine Entstehung war die Leidenschaft f\u00fcr Musik und Kunst, was es einzigartig macht.<\/li>\n<li style=\"text-align: justify\"><strong>Hohe Qualit\u00e4t: Unser Kissen besteht aus Materialien h\u00f6chster Qualit\u00e4t und bietet au\u00dfergew\u00f6hnlichen Komfort und Haltbarkeit.<\/strong> Weich und dennoch langlebig \u2013 perfekt f\u00fcr den t\u00e4glichen Gebrauch.<\/li>\n<li style=\"text-align: justify\"><strong>Optimaler Komfort: Perfekt zum Entspannen nach einem langen Tag, zum Ansehen von Filmen, zum Lesen von B\u00fcchern oder einfach zum Faulenzen.<\/strong><\/li>\n<li style=\"text-align: justify\"><strong>Einzigartige Kollektion: Dieses Kissen ist Teil der exklusiven Kollektion von REMI STANIEK, einem ber\u00fchmten Musikproduzenten.<\/strong> Dies ist ein wahrer Leckerbissen f\u00fcr Fans seiner Arbeit und Liebhaber einzigartiger Designerst\u00fccke.<\/li>\n<li style=\"text-align: justify\"><strong>Perfektes Geschenk: Suchen Sie das perfekte Geschenk f\u00fcr einen geliebten Menschen?<\/strong> Unser Kissen ist die perfekte Wahl f\u00fcr jeden Anlass \u2013 Geburtstage, Feiertage oder einfach nur als nette Geste. Jeder Musikliebhaber wird begeistert sein!<\/li>\n<\/ol>\n<p style=\"text-align: justify\">Z\u00f6gern Sie nicht und bestellen Sie noch heute Ihr neues Lieblingskissen! Verleihen Sie Ihrem Interieur ein wenig Luxus und einzigartigen Stil mit einem Kissen aus der REMI STANIEK-Kollektion.,<\/p>\n<p><strong>Kaufen Sie jetzt und genie\u00dfen Sie Komfort und einzigartiges Design!<\/strong><\/p>\n","protected":false},"featured_media":885,"template":"","meta":[],"product_brand":[],"product_cat":[83],"product_tag":[],"class_list":{"0":"post-1032","1":"product","2":"type-product","3":"status-publish","4":"has-post-thumbnail","6":"product_cat-zubehoer","8":"first","9":"instock","10":"shipping-taxable","11":"purchasable","12":"product-type-variable"},"_links":{"self":[{"href":"https:\/\/remistaniek.com\/de\/wp-json\/wp\/v2\/product\/1032","targetHints":{"allow":["GET"]}}],"collection":[{"href":"https:\/\/remistaniek.com\/de\/wp-json\/wp\/v2\/product"}],"about":[{"href":"https:\/\/remistaniek.com\/de\/wp-json\/wp\/v2\/types\/product"}],"wp:featuredmedia":[{"embeddable":true,"href":"https:\/\/remistaniek.com\/de\/wp-json\/wp\/v2\/media\/885"}],"wp:attachment":[{"href":"https:\/\/remistaniek.com\/de\/wp-json\/wp\/v2\/media?parent=1032"}],"wp:term":[{"taxonomy":"product_brand","embeddable":true,"href":"https:\/\/remistaniek.com\/de\/wp-json\/wp\/v2\/product_brand?post=1032"},{"taxonomy":"product_cat","embeddable":true,"href":"https:\/\/remistaniek.com\/de\/wp-json\/wp\/v2\/product_cat?post=1032"},{"taxonomy":"product_tag","embeddable":true,"href":"https:\/\/remistaniek.com\/de\/wp-json\/wp\/v2\/product_tag?post=1032"}],"curies":[{"name":"wp","href":"https:\/\/api.w.org\/{rel}","templated":true}]}}