{"id":1039,"date":"2024-04-26T14:19:09","date_gmt":"2024-04-26T12:19:09","guid":{"rendered":"https:\/\/remistaniek.com\/produkt\/rs-flasche\/"},"modified":"2024-04-26T14:19:09","modified_gmt":"2024-04-26T12:19:09","slug":"rs-flasche","status":"publish","type":"product","link":"https:\/\/remistaniek.com\/de\/produkt\/rs-flasche\/","title":{"rendered":"RS-Flasche"},"content":{"rendered":"<p><strong>WEITERE INFORMATIONEN:<\/strong><br \/>\nAbmessungen: \u2300 71 x 225 mm<br \/>\nVerpackung: graue Box<br \/>\nGewicht: (kg) 0,1920<br \/>\nSchwarze Farbe<\/p>\n","protected":false},"excerpt":{"rendered":"<h3>Neue Trinkflasche von REMI STANIEK \u2013 Unterst\u00fctzt Ihr Verlangen im musikalischen Stil!<\/h3>\n<p><strong>Wir pr\u00e4sentieren eine einzigartige Wasserflasche aus der Sammlung des Musikproduzenten REMI STANIEK!<\/strong><\/p>\n<ol>\n<li style=\"text-align: justify\"><strong>Einzigartiges Design: Unsere Wasserflasche hat ein modernes und elegantes Aussehen, inspiriert von der Leidenschaft f\u00fcr Musik und Kunst.<\/strong> Dadurch wird jeder Schluck nicht nur erfrischend, sondern auch stilvoll.<\/li>\n<li style=\"text-align: justify\"><strong>Hohe Qualit\u00e4t: Unsere Wasserflasche besteht aus Materialien h\u00f6chster Qualit\u00e4t und ist langlebig und leicht.<\/strong> Perfekt f\u00fcr den t\u00e4glichen Gebrauch, sowohl beim Training als auch im Arbeitsalltag.<\/li>\n<li style=\"text-align: justify\"><strong>Funktionalit\u00e4t: Ausgestattet mit einem dichten Verschluss und einer ergonomischen Form sorgt die Wasserflasche f\u00fcr Komfort bei der Anwendung und einfaches Tragen.<\/strong> Perfekt f\u00fcr das Fitnessstudio, Laufen, Radfahren oder das B\u00fcro.<\/li>\n<li style=\"text-align: justify\"><strong>Einzigartige Kollektion: Diese Flasche ist Teil der exklusiven Kollektion von REMI STANIEK, einem ber\u00fchmten Musikproduzenten.<\/strong> Dies ist ein wahrer Leckerbissen f\u00fcr Fans seiner Arbeit und Menschen, die einzigartige Designerst\u00fccke sch\u00e4tzen.<\/li>\n<li style=\"text-align: justify\"><strong>Perfektes Geschenk: Suchen Sie das perfekte Geschenk f\u00fcr einen geliebten Menschen?<\/strong> Unsere Wasserflasche ist die perfekte Wahl f\u00fcr jeden Anlass \u2013 Geburtstage, Feiertage oder einfach nur als nette Geste. Jeder Liebhaber von Musik und einem aktiven Lebensstil wird begeistert sein!<\/li>\n<\/ol>\n<p style=\"text-align: justify\">Z\u00f6gern Sie nicht und bestellen Sie noch heute Ihre neue Lieblingswasserflasche! Genie\u00dfen Sie jeden Schluck Ihres Getr\u00e4nks mit einer einzigartigen Wasserflasche aus der REMI STANIEK-Kollektion.<\/p>\n<p><strong>Kaufen Sie jetzt und verleihen Sie Ihrer t\u00e4glichen Fl\u00fcssigkeitszufuhr Stil!<\/strong><\/p>\n","protected":false},"featured_media":834,"template":"","meta":[],"product_brand":[],"product_cat":[83],"product_tag":[],"class_list":{"0":"post-1039","1":"product","2":"type-product","3":"status-publish","4":"has-post-thumbnail","6":"product_cat-zubehoer","8":"first","9":"instock","10":"shipping-taxable","11":"purchasable","12":"product-type-simple"},"_links":{"self":[{"href":"https:\/\/remistaniek.com\/de\/wp-json\/wp\/v2\/product\/1039","targetHints":{"allow":["GET"]}}],"collection":[{"href":"https:\/\/remistaniek.com\/de\/wp-json\/wp\/v2\/product"}],"about":[{"href":"https:\/\/remistaniek.com\/de\/wp-json\/wp\/v2\/types\/product"}],"wp:featuredmedia":[{"embeddable":true,"href":"https:\/\/remistaniek.com\/de\/wp-json\/wp\/v2\/media\/834"}],"wp:attachment":[{"href":"https:\/\/remistaniek.com\/de\/wp-json\/wp\/v2\/media?parent=1039"}],"wp:term":[{"taxonomy":"product_brand","embeddable":true,"href":"https:\/\/remistaniek.com\/de\/wp-json\/wp\/v2\/product_brand?post=1039"},{"taxonomy":"product_cat","embeddable":true,"href":"https:\/\/remistaniek.com\/de\/wp-json\/wp\/v2\/product_cat?post=1039"},{"taxonomy":"product_tag","embeddable":true,"href":"https:\/\/remistaniek.com\/de\/wp-json\/wp\/v2\/product_tag?post=1039"}],"curies":[{"name":"wp","href":"https:\/\/api.w.org\/{rel}","templated":true}]}}