{"id":1048,"date":"2024-04-25T15:50:31","date_gmt":"2024-04-25T13:50:31","guid":{"rendered":"https:\/\/remistaniek.com\/produkt\/baseballmuetze-rs\/"},"modified":"2024-04-25T15:50:31","modified_gmt":"2024-04-25T13:50:31","slug":"baseballmuetze-rs","status":"publish","type":"product","link":"https:\/\/remistaniek.com\/de\/produkt\/baseballmuetze-rs\/","title":{"rendered":"BASEBALLM\u00dcTZE RS"},"content":{"rendered":"<p><strong>GRUNDINFORMATION:<\/strong><\/p>\n<ul>\n<li>Dicke geb\u00fcrstete Baumwolle 270 g\/m2<sup><\/sup><\/li>\n<li>Versteift \u2013 6 Paneele<\/li>\n<li>Profiliertes Visier<\/li>\n<li>Doppelter Kunststoffverschluss<\/li>\n<\/ul>\n","protected":false},"excerpt":{"rendered":"<h3>Neue Baseballkappe von REMI STANIEK \u2013 Stil und Komfort in einem!<\/h3>\n<p><strong>Wir pr\u00e4sentieren eine einzigartige Baseballkappe aus der Sammlung des Musikproduzenten REMI STANIEK!<\/strong><\/p>\n<ol>\n<li style=\"text-align: justify\"><strong>Einzigartiges Design: Unsere Baseballkappe kombiniert einen modernen, eleganten Look mit musikalischen Inspirationen.<\/strong> Das perfekte Accessoire, das Ihren einzigartigen Stil unterstreicht.<\/li>\n<li style=\"text-align: justify\"><strong>Hohe Qualit\u00e4t: Der aus Materialien h\u00f6chster Qualit\u00e4t gefertigte Hut ist nicht nur stilvoll, sondern auch langlebig und bequem.<\/strong> Passt sich perfekt der Kopfform an und sorgt so f\u00fcr Komfort den ganzen Tag.<\/li>\n<li style=\"text-align: justify\"><strong>Einzigartige Kollektion: Diese Kappe ist Teil der exklusiven Kollektion von REMI STANIEK, einem ber\u00fchmten Musikproduzenten.<\/strong> ein wahrer Leckerbissen f\u00fcr Fans seiner Arbeit und Liebhaber einzigartiger Accessoires.<\/li>\n<li style=\"text-align: justify\"><strong>Verstellbare Gr\u00f6\u00dfe: Dank des verstellbaren Verschlusses passt die M\u00fctze auf jeden Kopf.<\/strong> Perfekt f\u00fcr alle, die Wert auf Komfort und Stil legen.<\/li>\n<li style=\"text-align: justify\"><strong>Perfektes Geschenk: Suchen Sie das perfekte Geschenk f\u00fcr einen geliebten Menschen?<\/strong> Unsere Baseballkappe ist die perfekte Wahl f\u00fcr jeden Anlass \u2013 Geburtstage, Feiertage oder einfach nur als nette Geste. Jeder Musik- und Modeliebhaber wird begeistert sein!<\/li>\n<li><strong>Schutz und Funktionalit\u00e4t: Perfekt f\u00fcr jede Jahreszeit, sch\u00fctzt vor Sonne, Wind und Regen.<\/strong> Perfekt f\u00fcr den t\u00e4glichen Gebrauch, f\u00fcr Konzerte, Treffen mit Freunden oder sportliche Aktivit\u00e4ten.<\/li>\n<li>\n<\/li>\n<\/ol>\n<p style=\"text-align: justify\">Z\u00f6gern Sie nicht und bestellen Sie noch heute Ihren neuen Lieblingshut! Verleihen Sie Ihrer Garderobe etwas musikalischen Stil mit einer Baseballkappe aus der REMI STANIEK-Kollektion.<\/p>\n<p><strong>Kaufen Sie jetzt und unterstreichen Sie Ihren einzigartigen Stil!<\/strong><\/p>\n","protected":false},"featured_media":843,"template":"","meta":[],"product_brand":[],"product_cat":[82],"product_tag":[],"class_list":{"0":"post-1048","1":"product","2":"type-product","3":"status-publish","4":"has-post-thumbnail","6":"product_cat-kleidung","8":"first","9":"instock","10":"shipping-taxable","11":"purchasable","12":"product-type-variable"},"_links":{"self":[{"href":"https:\/\/remistaniek.com\/de\/wp-json\/wp\/v2\/product\/1048","targetHints":{"allow":["GET"]}}],"collection":[{"href":"https:\/\/remistaniek.com\/de\/wp-json\/wp\/v2\/product"}],"about":[{"href":"https:\/\/remistaniek.com\/de\/wp-json\/wp\/v2\/types\/product"}],"wp:featuredmedia":[{"embeddable":true,"href":"https:\/\/remistaniek.com\/de\/wp-json\/wp\/v2\/media\/843"}],"wp:attachment":[{"href":"https:\/\/remistaniek.com\/de\/wp-json\/wp\/v2\/media?parent=1048"}],"wp:term":[{"taxonomy":"product_brand","embeddable":true,"href":"https:\/\/remistaniek.com\/de\/wp-json\/wp\/v2\/product_brand?post=1048"},{"taxonomy":"product_cat","embeddable":true,"href":"https:\/\/remistaniek.com\/de\/wp-json\/wp\/v2\/product_cat?post=1048"},{"taxonomy":"product_tag","embeddable":true,"href":"https:\/\/remistaniek.com\/de\/wp-json\/wp\/v2\/product_tag?post=1048"}],"curies":[{"name":"wp","href":"https:\/\/api.w.org\/{rel}","templated":true}]}}