{"id":1066,"date":"2024-05-02T11:01:36","date_gmt":"2024-05-02T09:01:36","guid":{"rendered":"https:\/\/remistaniek.com\/produkt\/jugend-sweatshirt-mit-doppelkapuze-ohne-kordelzug\/"},"modified":"2024-05-02T11:01:36","modified_gmt":"2024-05-02T09:01:36","slug":"jugend-sweatshirt-mit-doppelkapuze-ohne-kordelzug","status":"publish","type":"product","link":"https:\/\/remistaniek.com\/de\/produkt\/jugend-sweatshirt-mit-doppelkapuze-ohne-kordelzug\/","title":{"rendered":"Jugend-Sweatshirt mit Doppelkapuze ohne Kordelzug"},"content":{"rendered":"<p><strong>GRUNDINFORMATION:<\/strong><\/p>\n<ul>\n<li>80 % gek\u00e4mmte Baumwolle, 20 % Polyester,<\/li>\n<li>Doppelte Kapuze ohne Kordelzug,<\/li>\n<li>Verdeckte N\u00e4hte an den Schultern,<\/li>\n<li>K\u00e4ngurutasche<\/li>\n<li>B\u00fcndchen an den \u00c4rmeln und unten am Sweatshirt.<\/li>\n<\/ul>\n<p><img loading=\"lazy\" decoding=\"async\" class=\"alignnone size-medium wp-image-603\" src=\"https:\/\/remistaniek.com\/wp-content\/uploads\/2024\/04\/ROZMIAROWKA-500x327.jpg\" alt=\"\" width=\"500\" height=\"327\" srcset=\"https:\/\/remistaniek.com\/wp-content\/uploads\/2024\/04\/ROZMIAROWKA-500x327.jpg 500w, https:\/\/remistaniek.com\/wp-content\/uploads\/2024\/04\/ROZMIAROWKA-300x196.jpg 300w, https:\/\/remistaniek.com\/wp-content\/uploads\/2024\/04\/ROZMIAROWKA-600x393.jpg 600w, https:\/\/remistaniek.com\/wp-content\/uploads\/2024\/04\/ROZMIAROWKA-1200x785.jpg 1200w, https:\/\/remistaniek.com\/wp-content\/uploads\/2024\/04\/ROZMIAROWKA-768x503.jpg 768w, https:\/\/remistaniek.com\/wp-content\/uploads\/2024\/04\/ROZMIAROWKA-1536x1005.jpg 1536w, https:\/\/remistaniek.com\/wp-content\/uploads\/2024\/04\/ROZMIAROWKA-2048x1340.jpg 2048w, https:\/\/remistaniek.com\/wp-content\/uploads\/2024\/04\/ROZMIAROWKA-115x75.jpg 115w, https:\/\/remistaniek.com\/wp-content\/uploads\/2024\/04\/ROZMIAROWKA-480x314.jpg 480w\" sizes=\"auto, (max-width:767px) 480px, 500px\" \/><\/p>\n","protected":false},"excerpt":{"rendered":"<h3>Jugend-K\u00e4nguru-Sweatshirt von REMI STANIEK \u2013 Stil und energiegeladene Vibrationen!<\/h3>\n<p><strong>Entdecken Sie unsere neue Kollektion an K\u00e4nguru-Sweatshirts f\u00fcr Teenager von REMI STANIEK!<\/strong><\/p>\n<ol>\n<li style=\"text-align: justify\"><strong>Energetisches Design: Unsere K\u00e4nguru-Sweatshirts sind von der Leidenschaft f\u00fcr Musik und Kunst inspiriert, was sie einzigartig und voller musikalischer Schwingungen macht.<\/strong> Jedes Detail spiegelt den einzigartigen Stil des Herstellers REMI STANIEK wider.<\/li>\n<li style=\"text-align: justify\"><strong>Komfort und Funktionalit\u00e4t: Unsere aus hochwertigen Materialien gefertigten Sweatshirts bieten nicht nur Komfort, sondern auch hervorragenden K\u00e4lteschutz.<\/strong> Perfekt f\u00fcr jede Jahreszeit \u2013 sowohl f\u00fcr die Schule als auch f\u00fcr Treffen mit Freunden.<\/li>\n<li style=\"text-align: justify\"><strong>Praktische Details: Die ger\u00e4umige K\u00e4ngurutasche auf der Vorderseite eignet sich perfekt zum Verstauen von Handy oder Schl\u00fcsseln sowie zum W\u00e4rmen der H\u00e4nde an k\u00e4lteren Tagen.<\/strong> Elastische B\u00fcndchen an \u00c4rmeln und Saum sorgen f\u00fcr eine perfekte Passform.<\/li>\n<li style=\"text-align: justify\"><strong>Einzigartige REMI STANIEK-Kollektion: Dieses K\u00e4nguru-Sweatshirt ist Teil der exklusiven Kollektion von REMI STANIEK, einem ber\u00fchmten Musikproduzenten.<\/strong> Es ist nicht nur Kleidung, sondern auch Ausdruck der Leidenschaft f\u00fcr Musik und k\u00fcnstlerischen Ausdruck.<\/li>\n<li style=\"text-align: justify\"><strong>Farbvielfalt: Erh\u00e4ltlich in einer breiten Farbpalette \u2013 von dezent bis intensiv, die zu jedem Jugendstil passt.<\/strong><\/li>\n<li style=\"text-align: justify\"><strong>Perfekt als Geschenk: Suchen Sie eine Geschenkidee f\u00fcr ein junges Familienmitglied oder einen Freund?<\/strong> Unsere K\u00e4nguru-Sweatshirts von REMI STANIEK sind die perfekte Wahl f\u00fcr jeden Anlass \u2013 praktisch, stilvoll und musikalisch!<\/li>\n<\/ol>\n<p style=\"text-align: justify\">Warten Sie nicht! Bestellen Sie noch heute Ihr Lieblings-K\u00e4nguru-Sweatshirt aus unserer REMI STANIEK-Kollektion und genie\u00dfen Sie jeden Tag Komfort und Stil.<\/p>\n<p><strong>Dr\u00fccken Sie Ihren Musikstil mit einem K\u00e4nguru-Sweatshirt von REMI STANIEK aus!<\/strong><\/p>\n","protected":false},"featured_media":828,"template":"","meta":[],"product_brand":[],"product_cat":[82],"product_tag":[140,141],"class_list":{"0":"post-1066","1":"product","2":"type-product","3":"status-publish","4":"has-post-thumbnail","6":"product_cat-kleidung","7":"product_tag-kanguru-sweatshirt","8":"product_tag-kapuzenpullover","10":"first","11":"instock","12":"shipping-taxable","13":"purchasable","14":"product-type-variable"},"_links":{"self":[{"href":"https:\/\/remistaniek.com\/de\/wp-json\/wp\/v2\/product\/1066","targetHints":{"allow":["GET"]}}],"collection":[{"href":"https:\/\/remistaniek.com\/de\/wp-json\/wp\/v2\/product"}],"about":[{"href":"https:\/\/remistaniek.com\/de\/wp-json\/wp\/v2\/types\/product"}],"wp:featuredmedia":[{"embeddable":true,"href":"https:\/\/remistaniek.com\/de\/wp-json\/wp\/v2\/media\/828"}],"wp:attachment":[{"href":"https:\/\/remistaniek.com\/de\/wp-json\/wp\/v2\/media?parent=1066"}],"wp:term":[{"taxonomy":"product_brand","embeddable":true,"href":"https:\/\/remistaniek.com\/de\/wp-json\/wp\/v2\/product_brand?post=1066"},{"taxonomy":"product_cat","embeddable":true,"href":"https:\/\/remistaniek.com\/de\/wp-json\/wp\/v2\/product_cat?post=1066"},{"taxonomy":"product_tag","embeddable":true,"href":"https:\/\/remistaniek.com\/de\/wp-json\/wp\/v2\/product_tag?post=1066"}],"curies":[{"name":"wp","href":"https:\/\/api.w.org\/{rel}","templated":true}]}}