{"id":1172,"date":"2024-06-22T09:58:53","date_gmt":"2024-06-22T07:58:53","guid":{"rendered":"https:\/\/remistaniek.com\/?post_type=product&#038;p=1172"},"modified":"2024-10-03T11:37:28","modified_gmt":"2024-10-03T09:37:28","slug":"damen-sweatshirt-mit-doppelter-kapuze-verschiedene-farben-kopia-kopia","status":"publish","type":"product","link":"https:\/\/remistaniek.com\/de\/produkt\/damen-sweatshirt-mit-doppelter-kapuze-verschiedene-farben-kopia-kopia\/","title":{"rendered":"T-SHIRT RS #2 White and Black"},"content":{"rendered":"<p><strong>GRUNDINFORMATION:<\/strong><\/p>\n<ul>\n<li><strong>Modell: Kinder, Damen, Herren<\/strong><\/li>\n<li><strong>Verwendungszweck: alle Sportdisziplinen<\/strong><\/li>\n<li><strong>Gr\u00f6\u00dfe: XS, S, M, L, XL, XXL<\/strong><\/li>\n<li><strong>Eigenschaften: schnell trocknend, wasserdicht, schmutzabweisend, atmungsaktiv<\/strong><\/li>\n<li><strong>Zusammensetzung: 100 % Polyester, Clariant<\/strong><\/li>\n<li><strong>Material: leicht, luftig, flexibel, hergestellt in Polen<\/strong><\/li>\n<li><strong>Schnitt: Medium Fit \u2013 liegt leicht am K\u00f6rper an<\/strong><\/li>\n<li><strong>Das Produkt wird in Polen gen\u00e4ht.<\/strong><\/li>\n<\/ul>\n","protected":false},"excerpt":{"rendered":"<h3>Entdecken Sie das exklusive REMI STANIEK T-Shirt!<\/h3>\n<p>Sind Sie bereit f\u00fcr mehr als nur ein normales T-Shirt? Lernen Sie das einzigartige T-Shirt des Musikproduzenten REMI STANIEK kennen \u2013 ein Synonym f\u00fcr Stil, Qualit\u00e4t und Leidenschaft f\u00fcr Musik!<\/p>\n<h4>Warum lohnt es sich, ein REMI STANIEK T-Shirt zu w\u00e4hlen?<\/h4>\n<p><strong>Einzigartiges Design: Jedes T-Shirt wurde sorgf\u00e4ltig entworfen, um den Geist der Musik einzufangen.<\/strong> Einzigartige Grafiken sind von der Arbeit von REMI STANIEK inspiriert und sorgen daf\u00fcr, dass Sie sich von der Masse abheben.<\/p>\n<p><strong>Perfekte Passform: Unsere T-Shirts sind in verschiedenen Gr\u00f6\u00dfen erh\u00e4ltlich und passen perfekt zu jeder Figur.<\/strong> Durch das weiche, flexible Material sitzt das T-Shirt perfekt am K\u00f6rper, ohne die Bewegungsfreiheit einzuschr\u00e4nken.<\/p>\n<p><strong>Unterst\u00fctzung f\u00fcr den K\u00fcnstler: Mit dem Kauf eines REMI STANIEK T-Shirts unterst\u00fctzen Sie einen unabh\u00e4ngigen K\u00fcnstler.<\/strong> Es ist nicht nur Kleidung, es ist Ausdruck Ihrer Leidenschaft f\u00fcr Musik und Ihrer Unterst\u00fctzung f\u00fcr Kreativit\u00e4t.<\/p>\n<p><strong>Limited Edition: Unsere T-Shirts sind in einer limitierten Auflage erh\u00e4ltlich, was sie noch spezieller macht.<\/strong> Verpassen Sie nicht die Gelegenheit, Besitzer eines einzigartigen T-Shirts von REMI STANIEK zu werden!<\/p>\n<p><strong>Bestellen Sie jetzt und schlie\u00dfen Sie sich der exklusiven Gruppe der REMI STANIEK-Fans an!<\/strong><\/p>\n<p>Musik ist mehr als ein Klang \u2013 sie ist ein Lebensstil. Dr\u00fccken Sie es mit einem T-Shirt von REMI STANIEK aus!<\/p>\n","protected":false},"featured_media":1091,"template":"","meta":[],"product_brand":[],"product_cat":[82],"product_tag":[207,208,204,205],"class_list":{"0":"post-1172","1":"product","2":"type-product","3":"status-publish","4":"has-post-thumbnail","6":"product_cat-kleidung","7":"product_tag-remi-staniek-de","8":"product_tag-rs-de","9":"product_tag-sport-t-shirt-de","10":"product_tag-t-shirt-de","12":"first","13":"instock","14":"shipping-taxable","15":"purchasable","16":"product-type-variable"},"_links":{"self":[{"href":"https:\/\/remistaniek.com\/de\/wp-json\/wp\/v2\/product\/1172","targetHints":{"allow":["GET"]}}],"collection":[{"href":"https:\/\/remistaniek.com\/de\/wp-json\/wp\/v2\/product"}],"about":[{"href":"https:\/\/remistaniek.com\/de\/wp-json\/wp\/v2\/types\/product"}],"wp:featuredmedia":[{"embeddable":true,"href":"https:\/\/remistaniek.com\/de\/wp-json\/wp\/v2\/media\/1091"}],"wp:attachment":[{"href":"https:\/\/remistaniek.com\/de\/wp-json\/wp\/v2\/media?parent=1172"}],"wp:term":[{"taxonomy":"product_brand","embeddable":true,"href":"https:\/\/remistaniek.com\/de\/wp-json\/wp\/v2\/product_brand?post=1172"},{"taxonomy":"product_cat","embeddable":true,"href":"https:\/\/remistaniek.com\/de\/wp-json\/wp\/v2\/product_cat?post=1172"},{"taxonomy":"product_tag","embeddable":true,"href":"https:\/\/remistaniek.com\/de\/wp-json\/wp\/v2\/product_tag?post=1172"}],"curies":[{"name":"wp","href":"https:\/\/api.w.org\/{rel}","templated":true}]}}