{"id":1371,"date":"2024-11-01T15:59:35","date_gmt":"2024-11-01T14:59:35","guid":{"rendered":"https:\/\/remistaniek.com\/produkt\/mastering\/"},"modified":"2024-11-01T19:29:31","modified_gmt":"2024-11-01T18:29:31","slug":"mastering","status":"publish","type":"product","link":"https:\/\/remistaniek.com\/de\/produkt\/mastering\/","title":{"rendered":"MASTERING"},"content":{"rendered":"<p style=\"text-align: justify;\"><span style=\"font-size: 12pt;\">Hebe die Qualit\u00e4t deines St\u00fccks auf ein professionelles Niveau mit unserem Mastering-Service. Wir bieten pr\u00e4zises Audio-Mastering, das den Klang deiner Musik hervorhebt und sie f\u00fcr die Ver\u00f6ffentlichung auf allen Plattformen vorbereitet. <\/span><\/p>\n<p><span style=\"font-size: 12pt;\"><strong>Was wir anbieten:<\/strong><\/span><\/p>\n<ul>\n<li style=\"text-align: justify;\"><span style=\"font-size: 12pt;\"><strong>Professionelles Mastering:<\/strong> Anwendung fortschrittlicher Techniken f\u00fcr optimalen Klang.<\/span><\/li>\n<li style=\"text-align: justify;\"><span style=\"font-size: 12pt;\"><strong>Anpassung an Branchenstandards:<\/strong> Vorbereitung von Tracks f\u00fcr die Ausstrahlung im Radio, auf Streaming-Plattformen und im CD-Format.<\/span><\/li>\n<li style=\"text-align: justify;\"><span style=\"font-size: 12pt;\"><strong>Individuelle Betreuung: <\/strong>Jedes Projekt behandeln wir mit Sorgfalt, um deine Erwartungen und k\u00fcnstlerische Vision zu erf\u00fcllen.<\/span><\/li>\n<li style=\"text-align: justify;\"><span style=\"font-size: 12pt;\"><strong>Schnelle Bearbeitungszeit:<\/strong> Wir sorgen daf\u00fcr, dass deine Tracks rechtzeitig fertig sind.<\/span><\/li>\n<\/ul>\n","protected":false},"excerpt":{"rendered":"<p>Hebe die Qualit\u00e4t deines St\u00fccks auf ein professionelles Niveau mit unserem Mastering-Service. Wir bieten pr\u00e4zises Audio-Mastering, das den Klang deiner Musik hervorhebt und sie f\u00fcr die<span class=\"excerpt-hellip\"> [\u2026]<\/span><\/p>\n","protected":false},"featured_media":1368,"template":"","meta":[],"product_brand":[],"product_cat":[233,226],"product_tag":[],"class_list":{"0":"post-1371","1":"product","2":"type-product","3":"status-publish","4":"has-post-thumbnail","6":"product_cat-dienste","7":"product_cat-mix-und-mastering","9":"first","10":"instock","11":"virtual","12":"purchasable","13":"product-type-simple"},"_links":{"self":[{"href":"https:\/\/remistaniek.com\/de\/wp-json\/wp\/v2\/product\/1371","targetHints":{"allow":["GET"]}}],"collection":[{"href":"https:\/\/remistaniek.com\/de\/wp-json\/wp\/v2\/product"}],"about":[{"href":"https:\/\/remistaniek.com\/de\/wp-json\/wp\/v2\/types\/product"}],"wp:featuredmedia":[{"embeddable":true,"href":"https:\/\/remistaniek.com\/de\/wp-json\/wp\/v2\/media\/1368"}],"wp:attachment":[{"href":"https:\/\/remistaniek.com\/de\/wp-json\/wp\/v2\/media?parent=1371"}],"wp:term":[{"taxonomy":"product_brand","embeddable":true,"href":"https:\/\/remistaniek.com\/de\/wp-json\/wp\/v2\/product_brand?post=1371"},{"taxonomy":"product_cat","embeddable":true,"href":"https:\/\/remistaniek.com\/de\/wp-json\/wp\/v2\/product_cat?post=1371"},{"taxonomy":"product_tag","embeddable":true,"href":"https:\/\/remistaniek.com\/de\/wp-json\/wp\/v2\/product_tag?post=1371"}],"curies":[{"name":"wp","href":"https:\/\/api.w.org\/{rel}","templated":true}]}}