{"id":1387,"date":"2024-11-01T14:59:16","date_gmt":"2024-11-01T13:59:16","guid":{"rendered":"https:\/\/remistaniek.com\/produkt\/mix-und-mastering-2-tracks\/"},"modified":"2024-11-01T14:59:16","modified_gmt":"2024-11-01T13:59:16","slug":"mix-und-mastering-2-tracks","status":"publish","type":"product","link":"https:\/\/remistaniek.com\/de\/produkt\/mix-und-mastering-2-tracks\/","title":{"rendered":"Mix und Mastering (2 Tracks)"},"content":{"rendered":"<ul>\n<li>\n<div><strong>Mix und Mastering<\/strong> des Tracks f\u00fcr bis zu 2 Spuren<\/div>\n<\/li>\n<li><strong>Realisierung<\/strong> online<\/li>\n<li><strong>Schnellste<\/strong> Realisierung &#8211; 72h<\/li>\n<li><strong>Unbegrenzte<\/strong> Korrekturen<\/li>\n<li><strong>\u00dcberpr\u00fcfung<\/strong> der Spuren<\/li>\n<li><strong>St\u00e4ndiger Kontakt<\/strong> mit dem Realisator<\/li>\n<li><strong>Fertiger Track<\/strong> im WAV- und MP3-Format<\/li>\n<\/ul>\n","protected":false},"excerpt":{"rendered":"<p style=\"text-align: justify;\"><span style=\"font-size: 14pt;\">Suchst du nach professionellem Mixing und Mastering f\u00fcr deinen Track? <\/span><\/p>\n<p style=\"text-align: justify;\"><span style=\"font-size: 14pt;\">Unser Service ist die ideale L\u00f6sung f\u00fcr K\u00fcnstler und Produzenten, die ihren Aufnahmen einen besonderen Klang verleihen m\u00f6chten!<\/span><\/p>\n<p><span style=\"font-size: 14pt;\"><strong>Was wir anbieten:<\/strong><\/span><\/p>\n<ul>\n<li><span style=\"font-size: 14pt;\"><strong>Mix:<\/strong> Wir arbeiten an zwei Spuren, um die Pegel, das Panorama und die Effekte anzupassen, um einen ausgewogenen und dynamischen Klang zu erzielen.<\/span><\/li>\n<li><span style=\"font-size: 14pt;\"><strong>Mastering:<\/strong> Wir finalisieren den Track und bereiten ihn f\u00fcr die Ver\u00f6ffentlichung vor. Wir optimieren die Lautst\u00e4rke, Kompression und Equalization, damit er auf jedem Ger\u00e4t gro\u00dfartig klingt. <\/span><\/li>\n<\/ul>\n<p><span style=\"font-size: 14pt;\"><strong>Warum solltest du uns w\u00e4hlen?<\/strong><\/span><\/p>\n<ul>\n<li><span style=\"font-size: 14pt;\"><strong>Erfahrung:<\/strong> Unsere Toningenieure haben langj\u00e4hrige Erfahrung in der Musikbranche.<\/span><\/li>\n<li><span style=\"font-size: 14pt;\"><strong>Individuelle Betreuung:<\/strong> Jeden Track behandeln wir mit gr\u00f6\u00dfter Sorgfalt und ber\u00fccksichtigen deine Vorlieben sowie deine k\u00fcnstlerische Vision.<\/span><\/li>\n<li><span style=\"font-size: 14pt;\"><strong>Schnelle Realisierung:<\/strong> Wir garantieren eine fristgerechte Ausf\u00fchrung, damit du deine Musik so schnell wie m\u00f6glich mit der Welt teilen kannst.<\/span><\/li>\n<\/ul>\n<p><span style=\"font-size: 14pt;\"><strong>Bestelle noch heute und lass deinen Track professionell klingen!<\/strong><\/span><\/p>\n","protected":false},"featured_media":1329,"template":"","meta":[],"product_brand":[],"product_cat":[233,226],"product_tag":[],"class_list":{"0":"post-1387","1":"product","2":"type-product","3":"status-publish","4":"has-post-thumbnail","6":"product_cat-dienste","7":"product_cat-mix-und-mastering","9":"first","10":"instock","11":"virtual","12":"purchasable","13":"product-type-simple"},"_links":{"self":[{"href":"https:\/\/remistaniek.com\/de\/wp-json\/wp\/v2\/product\/1387","targetHints":{"allow":["GET"]}}],"collection":[{"href":"https:\/\/remistaniek.com\/de\/wp-json\/wp\/v2\/product"}],"about":[{"href":"https:\/\/remistaniek.com\/de\/wp-json\/wp\/v2\/types\/product"}],"wp:featuredmedia":[{"embeddable":true,"href":"https:\/\/remistaniek.com\/de\/wp-json\/wp\/v2\/media\/1329"}],"wp:attachment":[{"href":"https:\/\/remistaniek.com\/de\/wp-json\/wp\/v2\/media?parent=1387"}],"wp:term":[{"taxonomy":"product_brand","embeddable":true,"href":"https:\/\/remistaniek.com\/de\/wp-json\/wp\/v2\/product_brand?post=1387"},{"taxonomy":"product_cat","embeddable":true,"href":"https:\/\/remistaniek.com\/de\/wp-json\/wp\/v2\/product_cat?post=1387"},{"taxonomy":"product_tag","embeddable":true,"href":"https:\/\/remistaniek.com\/de\/wp-json\/wp\/v2\/product_tag?post=1387"}],"curies":[{"name":"wp","href":"https:\/\/api.w.org\/{rel}","templated":true}]}}