{"id":1420,"date":"2024-10-21T20:43:27","date_gmt":"2024-10-21T18:43:27","guid":{"rendered":"https:\/\/remistaniek.com\/produkt\/melodic-techno-vol-i\/"},"modified":"2024-10-21T20:43:27","modified_gmt":"2024-10-21T18:43:27","slug":"melodic-techno-vol-i","status":"publish","type":"product","link":"https:\/\/remistaniek.com\/de\/produkt\/melodic-techno-vol-i\/","title":{"rendered":"Melodic Techno Vol. I"},"content":{"rendered":"<h3><strong><span style=\"font-size: 14pt; font-family: georgia, palatino, serif;\">Das Set besteht aus folgenden Elementen:<\/span><\/strong><\/h3>\n<ul class=\"pml_checkList\">\n<li><span style=\"font-size: 14pt; font-family: georgia, palatino, serif;\"> \u00dcber 50 Presets f\u00fcr Serum<\/span>\n<ul class=\"pml_checklist__subList\">\n<li><span style=\"font-size: 14pt; font-family: georgia, palatino, serif;\">16 Bass<\/span><\/li>\n<li><span style=\"font-size: 14pt; font-family: georgia, palatino, serif;\">05 FX<\/span><\/li>\n<li><span style=\"font-size: 14pt; font-family: georgia, palatino, serif;\">15 Leads<\/span><\/li>\n<li><span style=\"font-size: 14pt; font-family: georgia, palatino, serif;\">10 Pads<\/span><\/li>\n<li><span style=\"font-family: georgia, palatino, serif; font-size: 14pt;\">5 Plucks<\/span><\/li>\n<\/ul>\n<\/li>\n<li><span style=\"font-size: 14pt; font-family: georgia, palatino, serif;\">100+ samples and Midi clips<\/span><\/li>\n<li><span style=\"font-family: georgia, palatino, serif;\"><span style=\"font-size: 18.6667px;\">2 Vorlagenprojekte<\/span><\/span><\/li>\n<\/ul>\n","protected":false},"excerpt":{"rendered":"<p style=\"text-align: justify;\"><span style=\"font-family: georgia, palatino, serif; font-size: 14pt;\"><strong>Professionelles Soundpaket f\u00fcr Melodic Techno<\/strong>, inspiriert von K\u00fcnstlern wie Anyma, Afterlife und Kevin de Vries.<\/span><\/p>\n<p style=\"text-align: justify;\"><span style=\"font-family: georgia, palatino, serif; font-size: 14pt;\">Bereit zu verwendendes Paket mit <strong>Presets, Samples und MIDI<\/strong>-Dateien, das Ihnen wertvolle Zeit spart und Ihnen hilft, einen professionellen Sound zu erstellen. <\/span><\/p>\n<p style=\"text-align: justify;\"><span style=\"font-family: georgia, palatino, serif; font-size: 14pt;\"><strong>Zus\u00e4tzlich erhalten<\/strong> Sie 2 Vorlagenprojekte, die in Ableton Live 11 erstellt wurden.<\/span><\/p>\n<p><span style=\"font-family: georgia, palatino, serif; font-size: 14pt;\"><strong>Das Paket &#8220;Melodic Techno Vol. 1<\/strong> ist das ideale Paket zur Produktion professioneller Clubtracks. <\/span><\/p>\n<p><span style=\"font-family: georgia, palatino, serif; font-size: 14pt;\">Sie ben\u00f6tigen die Software: <strong>Xfer Serum<\/strong> und <strong>Ableton Live 11<\/strong>, um die Projekte auszuf\u00fchren. <\/span><\/p>\n<p class=\"pml_m--mB0\"><span style=\"font-family: georgia, palatino, serif; font-size: 14pt;\"><strong>Was bekommst du?<\/strong><\/span><\/p>\n<ul class=\"pml_checkList\">\n<li><span style=\"font-family: georgia, palatino, serif; font-size: 14pt;\">\u00dcber 50 fertige Presets f\u00fcr Serum (B\u00e4sse, Leads, Pads, Plucks, FX)<\/span><\/li>\n<li><span style=\"font-family: georgia, palatino, serif; font-size: 14pt;\">\u00dcber 100 Samples und MIDI-Dateien<\/span><\/li>\n<li><span style=\"font-family: georgia, palatino, serif; font-size: 14pt;\">2 Vorlagenprojekte, die in Ableton Live 11 erstellt wurden.<\/span><\/li>\n<\/ul>\n","protected":false},"featured_media":1229,"template":"","meta":[],"product_brand":[],"product_cat":[229,231],"product_tag":[],"class_list":{"0":"post-1420","1":"product","2":"type-product","3":"status-publish","4":"has-post-thumbnail","6":"product_cat-beat-shop-de","7":"product_cat-serum-presets","9":"first","10":"instock","11":"downloadable","12":"virtual","13":"purchasable","14":"product-type-simple"},"_links":{"self":[{"href":"https:\/\/remistaniek.com\/de\/wp-json\/wp\/v2\/product\/1420","targetHints":{"allow":["GET"]}}],"collection":[{"href":"https:\/\/remistaniek.com\/de\/wp-json\/wp\/v2\/product"}],"about":[{"href":"https:\/\/remistaniek.com\/de\/wp-json\/wp\/v2\/types\/product"}],"wp:featuredmedia":[{"embeddable":true,"href":"https:\/\/remistaniek.com\/de\/wp-json\/wp\/v2\/media\/1229"}],"wp:attachment":[{"href":"https:\/\/remistaniek.com\/de\/wp-json\/wp\/v2\/media?parent=1420"}],"wp:term":[{"taxonomy":"product_brand","embeddable":true,"href":"https:\/\/remistaniek.com\/de\/wp-json\/wp\/v2\/product_brand?post=1420"},{"taxonomy":"product_cat","embeddable":true,"href":"https:\/\/remistaniek.com\/de\/wp-json\/wp\/v2\/product_cat?post=1420"},{"taxonomy":"product_tag","embeddable":true,"href":"https:\/\/remistaniek.com\/de\/wp-json\/wp\/v2\/product_tag?post=1420"}],"curies":[{"name":"wp","href":"https:\/\/api.w.org\/{rel}","templated":true}]}}