{"id":1511,"date":"2024-12-31T08:54:07","date_gmt":"2024-12-31T07:54:07","guid":{"rendered":"https:\/\/remistaniek.com\/produkt\/music-video-future-style\/"},"modified":"2024-12-31T08:54:07","modified_gmt":"2024-12-31T07:54:07","slug":"music-video-future-style","status":"publish","type":"product","link":"https:\/\/remistaniek.com\/de\/produkt\/music-video-future-style\/","title":{"rendered":"MUSIC VIDEO &#8211; FUTURE STYLE"},"content":{"rendered":"<p style=\"text-align: justify;\"><span style=\"font-size: 14pt; color: #000000;\"><strong>Visualisierung f\u00fcr Musik im FUTURE-Stil<\/strong><\/span><\/p>\n<p style=\"text-align: justify;\"><span style=\"font-size: 14pt; color: #000000;\">Verwandeln Sie Ihre Musik in eine unvergessliche visuelle Reise! Bei diesem Service handelt es sich um die Erstellung einer futuristischen Visualisierung, die perfekt zum Charakter Ihres St\u00fccks passt. Dank moderner grafischer Techniken und Spezialeffekte schaffen wir ein einzigartiges Bild, das die Energie und Atmosph\u00e4re der Musik im Future-Stil widerspiegelt.  <\/span><\/p>\n<p style=\"text-align: justify;\"><span style=\"font-size: 14pt; color: #000000;\">Jedes Projekt wird individuell auf die Besonderheiten des Songs zugeschnitten, wobei besonderer Wert auf die Synchronisierung des Bildes mit dem Rhythmus und Ton des Klangs gelegt wird. Fortschrittliche Lichteffekte, Neonfarben, abstrakte Formen und futuristische Motive verleihen der Visualisierung einen modernen, technologischen Charakter, der perfekt zum Stil der Musik von Future passt. <\/span><\/p>\n<p style=\"text-align: justify;\"><span style=\"font-size: 14pt; color: #000000;\">Dies ist die perfekte Option f\u00fcr K\u00fcnstler, die sich von der Masse abheben und einen unvergesslichen visuellen Eindruck hinterlassen m\u00f6chten, der ihre Musikwelt erg\u00e4nzt.<\/span><\/p>\n<p><span style=\"color: #000000;\"><strong><span style=\"font-size: 14pt;\"><br \/>\nBEISPIELVISUALISIERUNG:<\/span><br \/>\n<iframe loading=\"lazy\" title=\"YouTube video player\" src=\"\/\/www.youtube.com\/embed\/EOqP07UpNxI?si=lxs6GC6veut_2Jkv\" width=\"560\" height=\"315\" frameborder=\"0\" allowfullscreen=\"allowfullscreen\"><\/iframe><\/strong><\/span><\/p>\n<p><span style=\"font-size: 12pt; color: #000000;\"><strong>Technische Daten:<\/strong><\/span><\/p>\n<ul>\n<li><span style=\"font-size: 12pt; color: #000000;\">Die Lieferzeit h\u00e4ngt von der L\u00e4nge des Films ab<\/span><\/li>\n<li><span style=\"font-size: 12pt; color: #000000;\">Der Preis der Dienstleistung h\u00e4ngt von der L\u00e4nge des Videos ab<\/span><\/li>\n<li><span style=\"font-size: 12pt; color: #000000;\">m\u00f6gliche Anzahl Korrekturen: 3 <\/span><\/li>\n<li><span style=\"font-size: 12pt; color: #000000;\">Nach der Freigabe wird der Film an den Auftraggeber versandt<\/span><\/li>\n<\/ul>\n<p><span style=\"font-size: 12pt; color: #000000;\"><strong><br \/>\nTipps zur Umsetzung von Videovisualisierungen:<\/strong><\/span><\/p>\n<ul>\n<li><span style=\"font-size: 12pt; color: #000000;\"><strong>Musik vorbereiten <\/strong>\u2013 Bereiten Sie eine fertige Version des Songs im WAV\/MP3-Format vor. in h\u00f6chstm\u00f6glicher Qualit\u00e4t. Stellen Sie sicher, dass dies die endg\u00fcltige Version ist, die Sie in der Visualisierung verwenden m\u00f6chten. (Hinweis: Lautst\u00e4rke und Klangqualit\u00e4t stelle ich nicht ein. Mixing und Mastering des Songs k\u00f6nnen in einem separaten Service bestellt werden.)\n<p>   <\/span><\/li>\n<li><span style=\"font-size: 12pt; color: #000000;\"><strong>Vorbereitung der visuellen Materialien <\/strong>\u2013 Bereiten Sie alle Materialien vor, die in die Visualisierung\/das Video aufgenommen werden sollen. Bereiten Sie Fotos, Videos oder andere Elemente vor, aus denen der Film geschnitten werden soll. Geben Sie mir alle Elemente, bevor Sie mit der Arbeit beginnen.  <\/span><\/li>\n<li><span style=\"font-size: 12pt; color: #000000;\"><strong>Format und Aufl\u00f6sung <\/strong>\u2013 Geben Sie Ihr bevorzugtes Format (MP4, MOV), Aufl\u00f6sung (1080p, 4K) und Seitenverh\u00e4ltnis (16:9, 9:16) an.<\/span><\/li>\n<li><span style=\"font-size: 12pt; color: #000000;\"><strong>Material f\u00fcr den Film <\/strong><\/span><\/li>\n<li><span style=\"font-size: 12pt; color: #000000;\"><strong>Zus\u00e4tzliche Elemente <\/strong>\u2013 Wenn Sie m\u00f6chten, dass Untertitel, Texte, Logos oder andere grafische Elemente im Video erscheinen, stellen Sie diese zu Beginn der Zusammenarbeit in geeigneten Formaten (z. B. PNG, JPEG) bereit und beschreiben Sie genau, wo und wann sie erscheinen sollen.<\/span><\/li>\n<li><span style=\"font-size: 12pt; color: #000000;\"><strong>Allgemeine Hinweise<\/strong> \u2013 Wenn Sie besondere Erwartungen an das Bearbeitungstempo, das Gesamtgef\u00fchl des Videos oder andere Details haben, teilen Sie mir dies bitte zu Beginn mit, damit wir eine Visualisierung erstellen k\u00f6nnen, die am besten zu Ihrer Musik passt.\n<p><\/span><\/li>\n<\/ul>\n<p>&nbsp;<\/p>\n<p>&nbsp;<\/p>\n<p>&nbsp;<\/p>\n","protected":false},"excerpt":{"rendered":"<p>Visualisierung f\u00fcr Musik im FUTURE-Stil Verwandeln Sie Ihre Musik in eine unvergessliche visuelle Reise! Bei diesem Service handelt es sich um die Erstellung einer futuristischen Visualisierung,<span class=\"excerpt-hellip\"> [\u2026]<\/span><\/p>\n","protected":false},"featured_media":1483,"template":"","meta":[],"product_brand":[],"product_cat":[233,263],"product_tag":[],"class_list":{"0":"post-1511","1":"product","2":"type-product","3":"status-publish","4":"has-post-thumbnail","6":"product_cat-dienste","7":"product_cat-visualisierungen-video","9":"first","10":"instock","11":"shipping-taxable","12":"purchasable","13":"product-type-variable"},"_links":{"self":[{"href":"https:\/\/remistaniek.com\/de\/wp-json\/wp\/v2\/product\/1511","targetHints":{"allow":["GET"]}}],"collection":[{"href":"https:\/\/remistaniek.com\/de\/wp-json\/wp\/v2\/product"}],"about":[{"href":"https:\/\/remistaniek.com\/de\/wp-json\/wp\/v2\/types\/product"}],"wp:featuredmedia":[{"embeddable":true,"href":"https:\/\/remistaniek.com\/de\/wp-json\/wp\/v2\/media\/1483"}],"wp:attachment":[{"href":"https:\/\/remistaniek.com\/de\/wp-json\/wp\/v2\/media?parent=1511"}],"wp:term":[{"taxonomy":"product_brand","embeddable":true,"href":"https:\/\/remistaniek.com\/de\/wp-json\/wp\/v2\/product_brand?post=1511"},{"taxonomy":"product_cat","embeddable":true,"href":"https:\/\/remistaniek.com\/de\/wp-json\/wp\/v2\/product_cat?post=1511"},{"taxonomy":"product_tag","embeddable":true,"href":"https:\/\/remistaniek.com\/de\/wp-json\/wp\/v2\/product_tag?post=1511"}],"curies":[{"name":"wp","href":"https:\/\/api.w.org\/{rel}","templated":true}]}}