{"id":913,"date":"2024-05-10T12:09:31","date_gmt":"2024-05-10T10:09:31","guid":{"rendered":"https:\/\/remistaniek.com\/produkt\/rs-becher\/"},"modified":"2024-06-21T18:51:49","modified_gmt":"2024-06-21T16:51:49","slug":"rs-becher","status":"publish","type":"product","link":"https:\/\/remistaniek.com\/de\/produkt\/rs-becher\/","title":{"rendered":"RS-BECHER"},"content":{"rendered":"<p><strong>GRUNDINFORMATION:<\/strong><\/p>\n<ul>\n<li>Fassungsverm\u00f6gen: 330 ml,<\/li>\n<li>Durchmesser: 8,2 cm,<\/li>\n<li>H\u00f6he: 9,5 cm,<\/li>\n<li>Au\u00dfenfarbe: Wei\u00df,<\/li>\n<li>Innenfarbe: Schwarz<\/li>\n<\/ul>\n<p>&nbsp;<\/p>\n","protected":false},"excerpt":{"rendered":"<h3>Neue Tasse von REMI STANIEK \u2013 Must-Have f\u00fcr jeden Musikliebhaber!<\/h3>\n<p><strong>Lernen Sie die einzigartige Tasse aus der Sammlung des Musikproduzenten REMI STANIEK kennen!<\/strong><\/p>\n<ol>\n<li style=\"text-align: justify\"><strong>Einzigartiges Design: Unsere Tasse besticht durch ihr modernes und elegantes Erscheinungsbild, inspiriert von der Leidenschaft f\u00fcr Musik und Kunst.<\/strong> Eine perfekte Erg\u00e4nzung f\u00fcr jede K\u00fcche oder jedes B\u00fcro.<\/li>\n<li style=\"text-align: justify\"><strong>Hohe Qualit\u00e4t: Unsere Tasse besteht aus hochwertiger Keramik und ist nicht nur sch\u00f6n, sondern auch langlebig.<\/strong> Jedes Detail wurde sorgf\u00e4ltig ausgearbeitet, um Ihnen ein einzigartiges Erlebnis zu bieten.<\/li>\n<li style=\"text-align: justify\"><strong>Fassungsverm\u00f6gen: Perfekte Gr\u00f6\u00dfe f\u00fcr Ihren Lieblingskaffee, Tee oder Ihre hei\u00dfe Schokolade.<\/strong> Unsere Tasse ist f\u00fcr den t\u00e4glichen Gebrauch konzipiert.<\/li>\n<li style=\"text-align: justify\"><strong>Einzigartige Kollektion: Diese Tasse ist Teil der exklusiven Kollektion von REMI STANIEK, einem ber\u00fchmten Musikproduzenten.<\/strong> Dies ist ein wahrer Leckerbissen f\u00fcr Fans seiner Arbeit und Liebhaber einzigartiger Gegenst\u00e4nde.<\/li>\n<li style=\"text-align: justify\"><strong>Perfektes Geschenk: Suchen Sie das perfekte Geschenk f\u00fcr einen geliebten Menschen?<\/strong> Unsere Tasse ist die perfekte Wahl f\u00fcr jeden Anlass \u2013 Geburtstage, Feiertage oder einfach nur als nette Geste. Jeder Musikliebhaber wird begeistert sein!<\/li>\n<\/ol>\n<p style=\"text-align: justify\">Z\u00f6gern Sie nicht und bestellen Sie noch heute Ihre neue Lieblingstasse! Genie\u00dfen Sie jeden Schluck Ihres Getr\u00e4nks mit unserem einzigartigen Becher aus der REMI STANIEK-Kollektion.<\/p>\n<p><strong>Kaufen Sie jetzt und verleihen Sie Ihrem Morgen Stil!<\/strong><\/p>\n","protected":false},"featured_media":894,"template":"","meta":[],"product_brand":[],"product_cat":[83],"product_tag":[],"class_list":{"0":"post-913","1":"product","2":"type-product","3":"status-publish","4":"has-post-thumbnail","6":"product_cat-zubehoer","8":"first","9":"instock","10":"shipping-taxable","11":"purchasable","12":"product-type-variable"},"_links":{"self":[{"href":"https:\/\/remistaniek.com\/de\/wp-json\/wp\/v2\/product\/913","targetHints":{"allow":["GET"]}}],"collection":[{"href":"https:\/\/remistaniek.com\/de\/wp-json\/wp\/v2\/product"}],"about":[{"href":"https:\/\/remistaniek.com\/de\/wp-json\/wp\/v2\/types\/product"}],"wp:featuredmedia":[{"embeddable":true,"href":"https:\/\/remistaniek.com\/de\/wp-json\/wp\/v2\/media\/894"}],"wp:attachment":[{"href":"https:\/\/remistaniek.com\/de\/wp-json\/wp\/v2\/media?parent=913"}],"wp:term":[{"taxonomy":"product_brand","embeddable":true,"href":"https:\/\/remistaniek.com\/de\/wp-json\/wp\/v2\/product_brand?post=913"},{"taxonomy":"product_cat","embeddable":true,"href":"https:\/\/remistaniek.com\/de\/wp-json\/wp\/v2\/product_cat?post=913"},{"taxonomy":"product_tag","embeddable":true,"href":"https:\/\/remistaniek.com\/de\/wp-json\/wp\/v2\/product_tag?post=913"}],"curies":[{"name":"wp","href":"https:\/\/api.w.org\/{rel}","templated":true}]}}